{"id":23161,"date":"2025-11-25T19:22:22","date_gmt":"2025-11-25T18:22:22","guid":{"rendered":"https:\/\/www.hirtenberg-apotheke.at\/katalog\/produkt\/medipharma-cosmetics-olivenoel-per-uomo-hydro-deo-50-ml\/"},"modified":"2025-11-25T19:22:38","modified_gmt":"2025-11-25T18:22:38","slug":"medipharma-cosmetics-olivenoel-per-uomo-hydro-deo-50-ml","status":"publish","type":"product","link":"https:\/\/www.hirtenberg-apotheke.at\/katalog\/produkt\/medipharma-cosmetics-olivenoel-per-uomo-hydro-deo-50-ml\/","title":{"rendered":"Medipharma Cosmetics Oliven\u00f6l Per Uomo Hydro Deo 50 ml"},"content":{"rendered":"<p>Medipharma Cosmetics Oliven\u00f6l Per Uomo Hydro Deo ist die erfrischende Pflege f\u00fcr sensible Haut. Eine Kombination pflegender und vitaminreicher Wirkstoffe wie Vitamin E, Pro-Vitamin B5, Ginkgo, Koffein und Olivenblattextrakt belebt und sch\u00fctzt die Haut.<\/p>\n","protected":false},"excerpt":{"rendered":"<p>Medipharma Cosmetics Oliven\u00f6l Per Uomo Hydro Deo ist die erfrischende Pflege f\u00fcr sensible Haut. Eine Kombination pflegender und vitaminreicher Wirkstoffe wie Vitamin E, Pro-Vitamin B5, Ginkgo, Koffein und Olivenblattextrakt belebt und sch\u00fctzt die Haut.<\/p>\n","protected":false},"featured_media":23163,"template":"","meta":{"_acf_changed":false},"product_brand":[701],"product_cat":[308],"product_tag":[],"class_list":{"0":"post-23161","1":"product","2":"type-product","3":"status-publish","4":"has-post-thumbnail","6":"product_brand-olivenoel-theiss","7":"product_cat-m","8":"pa_packungsgroesse-50ml","10":"first","11":"instock","12":"shipping-taxable","13":"purchasable","14":"product-type-simple"},"acf":[],"_links":{"self":[{"href":"https:\/\/www.hirtenberg-apotheke.at\/katalog\/wp-json\/wp\/v2\/product\/23161","targetHints":{"allow":["GET"]}}],"collection":[{"href":"https:\/\/www.hirtenberg-apotheke.at\/katalog\/wp-json\/wp\/v2\/product"}],"about":[{"href":"https:\/\/www.hirtenberg-apotheke.at\/katalog\/wp-json\/wp\/v2\/types\/product"}],"wp:featuredmedia":[{"embeddable":true,"href":"https:\/\/www.hirtenberg-apotheke.at\/katalog\/wp-json\/wp\/v2\/media\/23163"}],"wp:attachment":[{"href":"https:\/\/www.hirtenberg-apotheke.at\/katalog\/wp-json\/wp\/v2\/media?parent=23161"}],"wp:term":[{"taxonomy":"product_brand","embeddable":true,"href":"https:\/\/www.hirtenberg-apotheke.at\/katalog\/wp-json\/wp\/v2\/product_brand?post=23161"},{"taxonomy":"product_cat","embeddable":true,"href":"https:\/\/www.hirtenberg-apotheke.at\/katalog\/wp-json\/wp\/v2\/product_cat?post=23161"},{"taxonomy":"product_tag","embeddable":true,"href":"https:\/\/www.hirtenberg-apotheke.at\/katalog\/wp-json\/wp\/v2\/product_tag?post=23161"}],"curies":[{"name":"wp","href":"https:\/\/api.w.org\/{rel}","templated":true}]}}