{"id":23164,"date":"2025-11-25T19:22:22","date_gmt":"2025-11-25T18:22:22","guid":{"rendered":"https:\/\/www.hirtenberg-apotheke.at\/katalog\/produkt\/medipharma-cosmetics-olivenoel-per-uomo-hydro-balsam-sensitiv-50-ml\/"},"modified":"2025-11-25T19:22:44","modified_gmt":"2025-11-25T18:22:44","slug":"medipharma-cosmetics-olivenoel-per-uomo-hydro-balsam-sensitiv-50-ml","status":"publish","type":"product","link":"https:\/\/www.hirtenberg-apotheke.at\/katalog\/produkt\/medipharma-cosmetics-olivenoel-per-uomo-hydro-balsam-sensitiv-50-ml\/","title":{"rendered":"Medipharma Cosmetics Oliven\u00f6l Per Uomo Hydro Balsam Sensitiv 50 ml"},"content":{"rendered":"<p>Medipharma Cosmetics Oliven\u00f6l Per Uomo Hydro Balsam Sensitiv mit kaltgepresstem Oliven\u00f6l aus der Toskana und der energiegeladenen Anti-Stress-Formel beruhigt sensible M\u00e4nnerhaut nach der Rasur. Au\u00dferdem sch\u00fctzt sie vor umweltbedingter fr\u00fchzeitiger Hautalterung.<\/p>\n","protected":false},"excerpt":{"rendered":"<p>Medipharma Cosmetics Oliven\u00f6l Per Uomo Hydro Balsam Sensitiv mit kaltgepresstem Oliven\u00f6l aus der Toskana und der energiegeladenen Anti-Stress-Formel beruhigt sensible M\u00e4nnerhaut nach der Rasur. Au\u00dferdem sch\u00fctzt sie vor umweltbedingter fr\u00fchzeitiger Hautalterung.<\/p>\n","protected":false},"featured_media":23166,"template":"","meta":{"_acf_changed":false},"product_brand":[701],"product_cat":[308],"product_tag":[],"class_list":{"0":"post-23164","1":"product","2":"type-product","3":"status-publish","4":"has-post-thumbnail","6":"product_brand-olivenoel-theiss","7":"product_cat-m","8":"pa_packungsgroesse-50ml","10":"first","11":"instock","12":"shipping-taxable","13":"purchasable","14":"product-type-simple"},"acf":[],"_links":{"self":[{"href":"https:\/\/www.hirtenberg-apotheke.at\/katalog\/wp-json\/wp\/v2\/product\/23164","targetHints":{"allow":["GET"]}}],"collection":[{"href":"https:\/\/www.hirtenberg-apotheke.at\/katalog\/wp-json\/wp\/v2\/product"}],"about":[{"href":"https:\/\/www.hirtenberg-apotheke.at\/katalog\/wp-json\/wp\/v2\/types\/product"}],"wp:featuredmedia":[{"embeddable":true,"href":"https:\/\/www.hirtenberg-apotheke.at\/katalog\/wp-json\/wp\/v2\/media\/23166"}],"wp:attachment":[{"href":"https:\/\/www.hirtenberg-apotheke.at\/katalog\/wp-json\/wp\/v2\/media?parent=23164"}],"wp:term":[{"taxonomy":"product_brand","embeddable":true,"href":"https:\/\/www.hirtenberg-apotheke.at\/katalog\/wp-json\/wp\/v2\/product_brand?post=23164"},{"taxonomy":"product_cat","embeddable":true,"href":"https:\/\/www.hirtenberg-apotheke.at\/katalog\/wp-json\/wp\/v2\/product_cat?post=23164"},{"taxonomy":"product_tag","embeddable":true,"href":"https:\/\/www.hirtenberg-apotheke.at\/katalog\/wp-json\/wp\/v2\/product_tag?post=23164"}],"curies":[{"name":"wp","href":"https:\/\/api.w.org\/{rel}","templated":true}]}}