{"id":23263,"date":"2025-11-25T19:24:07","date_gmt":"2025-11-25T18:24:07","guid":{"rendered":"https:\/\/www.hirtenberg-apotheke.at\/katalog\/produkt\/multi-gyn-femiwash-100-ml\/"},"modified":"2025-11-25T19:24:10","modified_gmt":"2025-11-25T18:24:10","slug":"multi-gyn-femiwash-100-ml","status":"publish","type":"product","link":"https:\/\/www.hirtenberg-apotheke.at\/katalog\/produkt\/multi-gyn-femiwash-100-ml\/","title":{"rendered":"Multi-Gyn Femiwash 100 ml"},"content":{"rendered":"<p>Multi Gyn Femiwash reinigt und erfrischt den Intimbereich. Es ist ein sanfter, nicht-reizender Schaum, der selbst f\u00fcr empfindlichste Haut geeignet ist und die nat\u00fcrliche Flora nicht beeintr\u00e4chtigt..<\/p>\n","protected":false},"excerpt":{"rendered":"<p>Multi Gyn Femiwash reinigt und erfrischt den Intimbereich. Es ist ein sanfter, nicht-reizender Schaum, der selbst f\u00fcr empfindlichste Haut geeignet ist und die nat\u00fcrliche Flora nicht beeintr\u00e4chtigt..<\/p>\n","protected":false},"featured_media":23265,"template":"","meta":{"_acf_changed":false},"product_brand":[],"product_cat":[308],"product_tag":[],"class_list":{"0":"post-23263","1":"product","2":"type-product","3":"status-publish","4":"has-post-thumbnail","6":"product_cat-m","7":"pa_packungsgroesse-100ml","9":"first","10":"instock","11":"shipping-taxable","12":"purchasable","13":"product-type-simple"},"acf":[],"_links":{"self":[{"href":"https:\/\/www.hirtenberg-apotheke.at\/katalog\/wp-json\/wp\/v2\/product\/23263","targetHints":{"allow":["GET"]}}],"collection":[{"href":"https:\/\/www.hirtenberg-apotheke.at\/katalog\/wp-json\/wp\/v2\/product"}],"about":[{"href":"https:\/\/www.hirtenberg-apotheke.at\/katalog\/wp-json\/wp\/v2\/types\/product"}],"wp:featuredmedia":[{"embeddable":true,"href":"https:\/\/www.hirtenberg-apotheke.at\/katalog\/wp-json\/wp\/v2\/media\/23265"}],"wp:attachment":[{"href":"https:\/\/www.hirtenberg-apotheke.at\/katalog\/wp-json\/wp\/v2\/media?parent=23263"}],"wp:term":[{"taxonomy":"product_brand","embeddable":true,"href":"https:\/\/www.hirtenberg-apotheke.at\/katalog\/wp-json\/wp\/v2\/product_brand?post=23263"},{"taxonomy":"product_cat","embeddable":true,"href":"https:\/\/www.hirtenberg-apotheke.at\/katalog\/wp-json\/wp\/v2\/product_cat?post=23263"},{"taxonomy":"product_tag","embeddable":true,"href":"https:\/\/www.hirtenberg-apotheke.at\/katalog\/wp-json\/wp\/v2\/product_tag?post=23263"}],"curies":[{"name":"wp","href":"https:\/\/api.w.org\/{rel}","templated":true}]}}