{"id":23288,"date":"2025-11-25T19:24:07","date_gmt":"2025-11-25T18:24:07","guid":{"rendered":"https:\/\/www.hirtenberg-apotheke.at\/katalog\/produkt\/multi-gyn-vaginaldusche-spuelung-1-stk\/"},"modified":"2025-11-25T19:24:31","modified_gmt":"2025-11-25T18:24:31","slug":"multi-gyn-vaginaldusche-spuelung-1-stk","status":"publish","type":"product","link":"https:\/\/www.hirtenberg-apotheke.at\/katalog\/produkt\/multi-gyn-vaginaldusche-spuelung-1-stk\/","title":{"rendered":"Multi Gyn Vaginaldusche + Sp\u00fclung 1 Stk."},"content":{"rendered":"<p>Multi Gyn Vaginaldusche + Brausetabletten ist eine Duschvorrichtung f\u00fcr die optimale vaginale Hygiene. Sie besteht aus einer praktischen, dr\u00fcckbaren Flasche mit einem flexiblen Flaschenhals und kann in Kombination mit Multi-Gyn Tabletten verwendet werden. Manche Frauen sind anf\u00e4lliger f\u00fcr vaginale Beschwerden als andere aufgrund des Lebensstils, der sexuellen Aktivit\u00e4t oder ihrer Menstruation. Der Einsatz einer Vaginalsp\u00fcll\u00f6sung hilft die Vagina zu sp\u00fclen, um sie von abgestorbenen Gewebe oder Spermaresten zu reinigen. Das Konzentrat der Brausetabletten basiert auf dem bio-aktiven, patentierten 2QR-Komplex. Mit den Brausetabletten und laumwarmen Wasser kann eine milde Vaginalsp\u00fcll\u00f6sung hergestellt werden &#8211; ideal zur Anwendung mit der Multi-Gyn Vaginaldusche. Beinhaltet 1 Vaginaldusche inkl. 10 Brausetabletten. Eine Tablette pro Vaginalsp\u00fcll\u00f6sung. Nat\u00fcrliche Inhaltsstoffe ohne Duftstoffe. .<\/p>\n","protected":false},"excerpt":{"rendered":"<p>Multi Gyn Vaginaldusche + Brausetabletten ist eine Duschvorrichtung f\u00fcr die optimale vaginale Hygiene. Sie besteht aus einer praktischen, dr\u00fcckbaren Flasche mit einem flexiblen Flaschenhals und kann in Kombination mit Multi-Gyn Tabletten verwendet werden. Manche Frauen sind anf\u00e4lliger f\u00fcr vaginale Beschwerden als andere aufgrund des Lebensstils, der sexuellen Aktivit\u00e4t oder ihrer Menstruation. Der Einsatz einer Vaginalsp\u00fcll\u00f6sung [&hellip;]<\/p>\n","protected":false},"featured_media":23290,"template":"","meta":{"_acf_changed":false},"product_brand":[],"product_cat":[308],"product_tag":[],"class_list":{"0":"post-23288","1":"product","2":"type-product","3":"status-publish","4":"has-post-thumbnail","6":"product_cat-m","7":"pa_packungsgroesse-1-stueck","9":"first","10":"instock","11":"shipping-taxable","12":"purchasable","13":"product-type-simple"},"acf":[],"_links":{"self":[{"href":"https:\/\/www.hirtenberg-apotheke.at\/katalog\/wp-json\/wp\/v2\/product\/23288","targetHints":{"allow":["GET"]}}],"collection":[{"href":"https:\/\/www.hirtenberg-apotheke.at\/katalog\/wp-json\/wp\/v2\/product"}],"about":[{"href":"https:\/\/www.hirtenberg-apotheke.at\/katalog\/wp-json\/wp\/v2\/types\/product"}],"wp:featuredmedia":[{"embeddable":true,"href":"https:\/\/www.hirtenberg-apotheke.at\/katalog\/wp-json\/wp\/v2\/media\/23290"}],"wp:attachment":[{"href":"https:\/\/www.hirtenberg-apotheke.at\/katalog\/wp-json\/wp\/v2\/media?parent=23288"}],"wp:term":[{"taxonomy":"product_brand","embeddable":true,"href":"https:\/\/www.hirtenberg-apotheke.at\/katalog\/wp-json\/wp\/v2\/product_brand?post=23288"},{"taxonomy":"product_cat","embeddable":true,"href":"https:\/\/www.hirtenberg-apotheke.at\/katalog\/wp-json\/wp\/v2\/product_cat?post=23288"},{"taxonomy":"product_tag","embeddable":true,"href":"https:\/\/www.hirtenberg-apotheke.at\/katalog\/wp-json\/wp\/v2\/product_tag?post=23288"}],"curies":[{"name":"wp","href":"https:\/\/api.w.org\/{rel}","templated":true}]}}