{"id":23309,"date":"2025-11-25T19:24:39","date_gmt":"2025-11-25T18:24:39","guid":{"rendered":"https:\/\/www.hirtenberg-apotheke.at\/katalog\/produkt\/vaginal-applikator-fuer-octenisept\/"},"modified":"2025-11-25T19:24:51","modified_gmt":"2025-11-25T18:24:51","slug":"vaginal-applikator-fuer-octenisept","status":"publish","type":"product","link":"https:\/\/www.hirtenberg-apotheke.at\/katalog\/produkt\/vaginal-applikator-fuer-octenisept\/","title":{"rendered":"Vaginal Applikator f\u00fcr Octenisept"},"content":{"rendered":"<p>Der Vagnial Applikator von Sch\u00fclke kann in Kombination mit dem Antiseptikum Octenisept intravaginal zur Therapie von bakteriellen Vaginosen und Pilzerkrankungen im Vulvogenitalbereich eingesetzt werden. Der Applikator sorgt f\u00fcr die optimale Benetzung der vaginalen Epitheloberfl\u00e4che mit Octenisept und ist auch f\u00fcr Frauen in der Schwangerschaft anwendbar. Mit der einfachen und diskreten Handhabung k\u00f6nnen so Erkrankungen der Vaginalschleimhaut schnell behandelt werden.<\/p>\n","protected":false},"excerpt":{"rendered":"<p>Der Vagnial Applikator von Sch\u00fclke kann in Kombination mit dem Antiseptikum Octenisept intravaginal zur Therapie von bakteriellen Vaginosen und Pilzerkrankungen im Vulvogenitalbereich eingesetzt werden. Der Applikator sorgt f\u00fcr die optimale Benetzung der vaginalen Epitheloberfl\u00e4che mit Octenisept und ist auch f\u00fcr Frauen in der Schwangerschaft anwendbar. Mit der einfachen und diskreten Handhabung k\u00f6nnen so Erkrankungen der [&hellip;]<\/p>\n","protected":false},"featured_media":23311,"template":"","meta":{"_acf_changed":false},"product_brand":[],"product_cat":[300],"product_tag":[],"class_list":{"0":"post-23309","1":"product","2":"type-product","3":"status-publish","4":"has-post-thumbnail","6":"product_cat-v","7":"pa_packungsgroesse-1-stueck","9":"first","10":"instock","11":"shipping-taxable","12":"purchasable","13":"product-type-simple"},"acf":[],"_links":{"self":[{"href":"https:\/\/www.hirtenberg-apotheke.at\/katalog\/wp-json\/wp\/v2\/product\/23309","targetHints":{"allow":["GET"]}}],"collection":[{"href":"https:\/\/www.hirtenberg-apotheke.at\/katalog\/wp-json\/wp\/v2\/product"}],"about":[{"href":"https:\/\/www.hirtenberg-apotheke.at\/katalog\/wp-json\/wp\/v2\/types\/product"}],"wp:featuredmedia":[{"embeddable":true,"href":"https:\/\/www.hirtenberg-apotheke.at\/katalog\/wp-json\/wp\/v2\/media\/23311"}],"wp:attachment":[{"href":"https:\/\/www.hirtenberg-apotheke.at\/katalog\/wp-json\/wp\/v2\/media?parent=23309"}],"wp:term":[{"taxonomy":"product_brand","embeddable":true,"href":"https:\/\/www.hirtenberg-apotheke.at\/katalog\/wp-json\/wp\/v2\/product_brand?post=23309"},{"taxonomy":"product_cat","embeddable":true,"href":"https:\/\/www.hirtenberg-apotheke.at\/katalog\/wp-json\/wp\/v2\/product_cat?post=23309"},{"taxonomy":"product_tag","embeddable":true,"href":"https:\/\/www.hirtenberg-apotheke.at\/katalog\/wp-json\/wp\/v2\/product_tag?post=23309"}],"curies":[{"name":"wp","href":"https:\/\/api.w.org\/{rel}","templated":true}]}}