{"id":23318,"date":"2025-11-25T19:24:39","date_gmt":"2025-11-25T18:24:39","guid":{"rendered":"https:\/\/www.hirtenberg-apotheke.at\/katalog\/produkt\/multi-gyn-intifresh-tuecher-1-pkg\/"},"modified":"2025-11-25T19:24:52","modified_gmt":"2025-11-25T18:24:52","slug":"multi-gyn-intifresh-tuecher-1-pkg","status":"publish","type":"product","link":"https:\/\/www.hirtenberg-apotheke.at\/katalog\/produkt\/multi-gyn-intifresh-tuecher-1-pkg\/","title":{"rendered":"Multi-Gyn Intifresh T\u00fccher 1 Pkg."},"content":{"rendered":"<p>Multi-Gyn Intifresh T\u00fccher sind Intimpfleget\u00fccher f\u00fcr ein langanhaltendes Frischegef\u00fchl. Die T\u00fccher haben eine angenehme Reinigungswirkung und beseitigen Geruch. Zudem sind sie zu 100 % biologisch abbaubar und lassen sich perfekt in der Handtasche verstauen.<\/p>\n","protected":false},"excerpt":{"rendered":"<p>Multi-Gyn Intifresh T\u00fccher sind Intimpfleget\u00fccher f\u00fcr ein langanhaltendes Frischegef\u00fchl. Die T\u00fccher haben eine angenehme Reinigungswirkung und beseitigen Geruch. Zudem sind sie zu 100 % biologisch abbaubar und lassen sich perfekt in der Handtasche verstauen.<\/p>\n","protected":false},"featured_media":0,"template":"","meta":{"_acf_changed":false},"product_brand":[],"product_cat":[308],"product_tag":[],"class_list":{"0":"post-23318","1":"product","2":"type-product","3":"status-publish","5":"product_cat-m","6":"pa_packungsgroesse-482","8":"first","9":"instock","10":"shipping-taxable","11":"purchasable","12":"product-type-simple"},"acf":[],"_links":{"self":[{"href":"https:\/\/www.hirtenberg-apotheke.at\/katalog\/wp-json\/wp\/v2\/product\/23318","targetHints":{"allow":["GET"]}}],"collection":[{"href":"https:\/\/www.hirtenberg-apotheke.at\/katalog\/wp-json\/wp\/v2\/product"}],"about":[{"href":"https:\/\/www.hirtenberg-apotheke.at\/katalog\/wp-json\/wp\/v2\/types\/product"}],"wp:attachment":[{"href":"https:\/\/www.hirtenberg-apotheke.at\/katalog\/wp-json\/wp\/v2\/media?parent=23318"}],"wp:term":[{"taxonomy":"product_brand","embeddable":true,"href":"https:\/\/www.hirtenberg-apotheke.at\/katalog\/wp-json\/wp\/v2\/product_brand?post=23318"},{"taxonomy":"product_cat","embeddable":true,"href":"https:\/\/www.hirtenberg-apotheke.at\/katalog\/wp-json\/wp\/v2\/product_cat?post=23318"},{"taxonomy":"product_tag","embeddable":true,"href":"https:\/\/www.hirtenberg-apotheke.at\/katalog\/wp-json\/wp\/v2\/product_tag?post=23318"}],"curies":[{"name":"wp","href":"https:\/\/api.w.org\/{rel}","templated":true}]}}