{"id":23347,"date":"2025-11-25T19:24:39","date_gmt":"2025-11-25T18:24:39","guid":{"rendered":"https:\/\/www.hirtenberg-apotheke.at\/katalog\/produkt\/vagisan-biotin-lacto-kapseln-30-stk\/"},"modified":"2025-11-25T19:25:14","modified_gmt":"2025-11-25T18:25:14","slug":"vagisan-biotin-lacto-kapseln-30-stk","status":"publish","type":"product","link":"https:\/\/www.hirtenberg-apotheke.at\/katalog\/produkt\/vagisan-biotin-lacto-kapseln-30-stk\/","title":{"rendered":"Vagisan Biotin Lacto Kapseln 30 Stk."},"content":{"rendered":"<p><strong>Was ist Biotin?<\/strong><\/p>\n<p>&#13;<\/p>\n<p>Biotin ist ein essenzielles (lebensnotwendiges) Vitamin, das f\u00fcr den Stoffwechsel aller K\u00f6rperzellen von Bedeutung ist, unter anderem auch im Zusammenhang mit der Zellteilung. Vor allem Gewebe wie Haut und Schleimhaut teilen sich besonders schnell und ben\u00f6tigen dann Biotin f\u00fcr den geregelten Ablauf der Zellteilung im Rahmen ihrer Regeneration.<\/p>\n<p>&#13;<\/p>\n<p>Biotin wird \u00fcblicherweise in ausreichender Menge t\u00e4glich \u00fcber die Nahrung aufgenommen. Ein erh\u00f6hter Biotin-Bedarf<br \/>kann jedoch z.B. bei Raucherinnen, im Zusammenhang mit negativem Stress, der Einnahme von Medikamenten \u2013 wie etwa Antibiotika \u2013 oder auch in der Schwangerschaft entstehen. In diesen Situationen unterst\u00fctzt die Einnahme von Biotin die Gesunderhaltung der Schleimh\u00e4ute. Dazu geh\u00f6rt auch die Vaginalschleimhaut.<\/p>\n<p>&#13;<\/p>\n<p><strong>Was sind Milchs\u00e4ure-Bakterien?<\/strong><\/p>\n<p>&#13;<\/p>\n<p>Milchs\u00e4ure-Bakterien sind Bakterien, die sich in gro\u00dfer Zahl am und im menschlichen K\u00f6rper finden. Sie sind vor\u00a0 allem an den Schleimh\u00e4uten angesiedelt, z.B. im Darm und in der Scheide. Durch verschiedene Einfl\u00fcsse, u. a. die Einnahme von Antibiotika, kann die Anzahl dieser Milchs\u00e4ure-Bakterien stark reduziert werden.<\/p>\n<p>&#13;<\/p>\n<p><strong>Warum ist es sinnvoll, f\u00fcr <\/strong><strong>eine Gesunderhaltung der <\/strong><strong>Schleimh\u00e4ute zu sorgen?<\/strong><\/p>\n<p>&#13;<\/p>\n<p>Gesunde Schleimh\u00e4ute sind gekennzeichnet durch ein gutes Regenerationsverm\u00f6gen und eine Besiedelung mit &#8222;guten&#8220; Keimen: Dann ist das Milieu im Gleichgewicht. Gesunde Schleimh\u00e4ute sind wichtig im Zusammenhang mit der Abwehr von sch\u00e4dlichen Einfl\u00fcssen, z.B. von fremden Keimen. Deshalb ist es speziell in Zeiten besonderer Belastung sinnvoll, den K\u00f6rper und die Funktion der Schleimh\u00e4ute durch Biotin zu unterst\u00fctzen und auf diese Weise zur Gesunderhaltung beizutragen.<\/p>\n<p>&#13;<\/p>\n<p><strong>Vagisan Biotin-Lacto<\/strong><\/p>\n<p>&#13;<\/p>\n<p>Vagisan Biotin-Lacto ist ein Nahrungserg\u00e4nzungsmittel in Kapselform.<\/p>\n<p>&#13;<\/p>\n<p>Es enth\u00e4lt das essentielle Vitamin Biotin und Milchs\u00e4ure-Bakterien (mindestens 1 Milliarde gefriergetrocknete lebende Milchs\u00e4ure-Bakterien pro Kapsel); dabei handelt es sich um Lactobacillus reuteri, RC-14\u00ae und Lactobacillus rhamnosus, GR-1\u00ae.<\/p>\n","protected":false},"excerpt":{"rendered":"<p>Was ist Biotin? &#13; Biotin ist ein essenzielles (lebensnotwendiges) Vitamin, das f\u00fcr den Stoffwechsel aller K\u00f6rperzellen von Bedeutung ist, unter anderem auch im Zusammenhang mit der Zellteilung. Vor allem Gewebe wie Haut und Schleimhaut teilen sich besonders schnell und ben\u00f6tigen dann Biotin f\u00fcr den geregelten Ablauf der Zellteilung im Rahmen ihrer Regeneration. &#13; Biotin wird [&hellip;]<\/p>\n","protected":false},"featured_media":0,"template":"","meta":{"_acf_changed":false},"product_brand":[],"product_cat":[300],"product_tag":[],"class_list":{"0":"post-23347","1":"product","2":"type-product","3":"status-publish","5":"product_cat-v","6":"pa_packungsgroesse-30-stueck","8":"first","9":"instock","10":"shipping-taxable","11":"purchasable","12":"product-type-simple"},"acf":[],"_links":{"self":[{"href":"https:\/\/www.hirtenberg-apotheke.at\/katalog\/wp-json\/wp\/v2\/product\/23347","targetHints":{"allow":["GET"]}}],"collection":[{"href":"https:\/\/www.hirtenberg-apotheke.at\/katalog\/wp-json\/wp\/v2\/product"}],"about":[{"href":"https:\/\/www.hirtenberg-apotheke.at\/katalog\/wp-json\/wp\/v2\/types\/product"}],"wp:attachment":[{"href":"https:\/\/www.hirtenberg-apotheke.at\/katalog\/wp-json\/wp\/v2\/media?parent=23347"}],"wp:term":[{"taxonomy":"product_brand","embeddable":true,"href":"https:\/\/www.hirtenberg-apotheke.at\/katalog\/wp-json\/wp\/v2\/product_brand?post=23347"},{"taxonomy":"product_cat","embeddable":true,"href":"https:\/\/www.hirtenberg-apotheke.at\/katalog\/wp-json\/wp\/v2\/product_cat?post=23347"},{"taxonomy":"product_tag","embeddable":true,"href":"https:\/\/www.hirtenberg-apotheke.at\/katalog\/wp-json\/wp\/v2\/product_tag?post=23347"}],"curies":[{"name":"wp","href":"https:\/\/api.w.org\/{rel}","templated":true}]}}