{"id":23349,"date":"2025-11-25T19:24:39","date_gmt":"2025-11-25T18:24:39","guid":{"rendered":"https:\/\/www.hirtenberg-apotheke.at\/katalog\/produkt\/anifer-molke-bad-sensitiv-400-ml\/"},"modified":"2025-11-25T19:25:17","modified_gmt":"2025-11-25T18:25:17","slug":"anifer-molke-bad-sensitiv-400-ml","status":"publish","type":"product","link":"https:\/\/www.hirtenberg-apotheke.at\/katalog\/produkt\/anifer-molke-bad-sensitiv-400-ml\/","title":{"rendered":"Anifer Molke Bad sensitiv 400 ml"},"content":{"rendered":"<p>Anifer Molke Bad sensitiv ist eine absolute Wohltat f\u00fcr Ihre Haut. Baden Sie Ihre Haut in wertvoller, naturbelassener Fl\u00fcssigmolke und Aloe Vera. Das Bad ist f\u00fcr alle Hauttypen geeignet, speziell auch bei empfindlicher Haut und eignet sich auch besonders als Baby-Bad. Das Anifer Molkebad stabilisiert den S\u00e4ureschutzmantel und den individuellen pH-Wert der Haut.<\/p>\n","protected":false},"excerpt":{"rendered":"<p>Anifer Molke Bad sensitiv ist eine absolute Wohltat f\u00fcr Ihre Haut. Baden Sie Ihre Haut in wertvoller, naturbelassener Fl\u00fcssigmolke und Aloe Vera. Das Bad ist f\u00fcr alle Hauttypen geeignet, speziell auch bei empfindlicher Haut und eignet sich auch besonders als Baby-Bad. Das Anifer Molkebad stabilisiert den S\u00e4ureschutzmantel und den individuellen pH-Wert der Haut.<\/p>\n","protected":false},"featured_media":0,"template":"","meta":{"_acf_changed":false},"product_brand":[],"product_cat":[299],"product_tag":[],"class_list":{"0":"post-23349","1":"product","2":"type-product","3":"status-publish","5":"product_cat-a","6":"pa_packungsgroesse-400ml","8":"first","9":"instock","10":"shipping-taxable","11":"purchasable","12":"product-type-simple"},"acf":[],"_links":{"self":[{"href":"https:\/\/www.hirtenberg-apotheke.at\/katalog\/wp-json\/wp\/v2\/product\/23349","targetHints":{"allow":["GET"]}}],"collection":[{"href":"https:\/\/www.hirtenberg-apotheke.at\/katalog\/wp-json\/wp\/v2\/product"}],"about":[{"href":"https:\/\/www.hirtenberg-apotheke.at\/katalog\/wp-json\/wp\/v2\/types\/product"}],"wp:attachment":[{"href":"https:\/\/www.hirtenberg-apotheke.at\/katalog\/wp-json\/wp\/v2\/media?parent=23349"}],"wp:term":[{"taxonomy":"product_brand","embeddable":true,"href":"https:\/\/www.hirtenberg-apotheke.at\/katalog\/wp-json\/wp\/v2\/product_brand?post=23349"},{"taxonomy":"product_cat","embeddable":true,"href":"https:\/\/www.hirtenberg-apotheke.at\/katalog\/wp-json\/wp\/v2\/product_cat?post=23349"},{"taxonomy":"product_tag","embeddable":true,"href":"https:\/\/www.hirtenberg-apotheke.at\/katalog\/wp-json\/wp\/v2\/product_tag?post=23349"}],"curies":[{"name":"wp","href":"https:\/\/api.w.org\/{rel}","templated":true}]}}