{"id":23480,"date":"2025-11-25T19:26:34","date_gmt":"2025-11-25T18:26:34","guid":{"rendered":"https:\/\/www.hirtenberg-apotheke.at\/katalog\/produkt\/kneipp-badekristalle-waldspaziergang-60-g\/"},"modified":"2025-11-25T19:26:43","modified_gmt":"2025-11-25T18:26:43","slug":"kneipp-badekristalle-waldspaziergang-60-g","status":"publish","type":"product","link":"https:\/\/www.hirtenberg-apotheke.at\/katalog\/produkt\/kneipp-badekristalle-waldspaziergang-60-g\/","title":{"rendered":"Kneipp Badekristalle Waldspaziergang 60 g"},"content":{"rendered":"<p>Kneipp Badekristalle Waldspaziergang 60 g lassen Sie in die idyllische Stimmung des Waldes eintauchen. Bei einem Bad mit nat\u00fcrlichen \u00e4therischen \u00d6len der Kiefer und Tanne k\u00f6nnen Sie aufatmen und intensive Erholung tanken.<\/p>\n","protected":false},"excerpt":{"rendered":"<p>Kneipp Badekristalle Waldspaziergang 60 g lassen Sie in die idyllische Stimmung des Waldes eintauchen. Bei einem Bad mit nat\u00fcrlichen \u00e4therischen \u00d6len der Kiefer und Tanne k\u00f6nnen Sie aufatmen und intensive Erholung tanken.<\/p>\n","protected":false},"featured_media":23482,"template":"","meta":{"_acf_changed":false},"product_brand":[680],"product_cat":[387],"product_tag":[],"class_list":{"0":"post-23480","1":"product","2":"type-product","3":"status-publish","4":"has-post-thumbnail","6":"product_brand-kneipp","7":"product_cat-k","8":"pa_packungsgroesse-60g","10":"first","11":"instock","12":"shipping-taxable","13":"purchasable","14":"product-type-simple"},"acf":[],"_links":{"self":[{"href":"https:\/\/www.hirtenberg-apotheke.at\/katalog\/wp-json\/wp\/v2\/product\/23480","targetHints":{"allow":["GET"]}}],"collection":[{"href":"https:\/\/www.hirtenberg-apotheke.at\/katalog\/wp-json\/wp\/v2\/product"}],"about":[{"href":"https:\/\/www.hirtenberg-apotheke.at\/katalog\/wp-json\/wp\/v2\/types\/product"}],"wp:featuredmedia":[{"embeddable":true,"href":"https:\/\/www.hirtenberg-apotheke.at\/katalog\/wp-json\/wp\/v2\/media\/23482"}],"wp:attachment":[{"href":"https:\/\/www.hirtenberg-apotheke.at\/katalog\/wp-json\/wp\/v2\/media?parent=23480"}],"wp:term":[{"taxonomy":"product_brand","embeddable":true,"href":"https:\/\/www.hirtenberg-apotheke.at\/katalog\/wp-json\/wp\/v2\/product_brand?post=23480"},{"taxonomy":"product_cat","embeddable":true,"href":"https:\/\/www.hirtenberg-apotheke.at\/katalog\/wp-json\/wp\/v2\/product_cat?post=23480"},{"taxonomy":"product_tag","embeddable":true,"href":"https:\/\/www.hirtenberg-apotheke.at\/katalog\/wp-json\/wp\/v2\/product_tag?post=23480"}],"curies":[{"name":"wp","href":"https:\/\/api.w.org\/{rel}","templated":true}]}}