{"id":23504,"date":"2025-11-25T19:26:51","date_gmt":"2025-11-25T18:26:51","guid":{"rendered":"https:\/\/www.hirtenberg-apotheke.at\/katalog\/produkt\/molaxole-pulver-beutel-20-stk\/"},"modified":"2025-11-25T19:27:56","modified_gmt":"2025-11-25T18:27:56","slug":"molaxole-pulver-beutel-20-stk","status":"publish","type":"product","link":"https:\/\/www.hirtenberg-apotheke.at\/katalog\/produkt\/molaxole-pulver-beutel-20-stk\/","title":{"rendered":"Molaxole Pulver Beutel 20 Stk."},"content":{"rendered":"<p>Molaxole verhilft Ihnen zu einer komfortablen Darmt\u00e4tigkeit, selbst wenn Sie bereits \u00fcber einen langen Zeitraum unter Verstopfung gelitten haben. Molaxole kann nach R\u00fccksprache mit Ihrem Arzt auch bei einer hartn\u00e4ckigen Verstopfung mit Kotstauung im Darm, \u201eKoprostase\u201c genannt, angewendet werden. Macrogol 3350 erh\u00f6ht das Kotvolumen durch Wasserbindung und f\u00fchrt damit zu einer Normalisierung der Bewegungsvorg\u00e4nge des Dickdarms. Dies bewirkt eine gesteigerte Weiterleitung des erweichten Stuhls und eine erleichterte Stuhlentleerung. Die Salze in Molaxole helfen die Salz- und Wasserbalance des K\u00f6rpers zu erhalten.<\/p>\n","protected":false},"excerpt":{"rendered":"<p>Molaxole verhilft Ihnen zu einer komfortablen Darmt\u00e4tigkeit, selbst wenn Sie bereits \u00fcber einen langen Zeitraum unter Verstopfung gelitten haben. Molaxole kann nach R\u00fccksprache mit Ihrem Arzt auch bei einer hartn\u00e4ckigen Verstopfung mit Kotstauung im Darm, \u201eKoprostase\u201c genannt, angewendet werden. Macrogol 3350 erh\u00f6ht das Kotvolumen durch Wasserbindung und f\u00fchrt damit zu einer Normalisierung der Bewegungsvorg\u00e4nge des [&hellip;]<\/p>\n","protected":false},"featured_media":0,"template":"","meta":{"_acf_changed":false},"product_brand":[],"product_cat":[308],"product_tag":[],"class_list":{"0":"post-23504","1":"product","2":"type-product","3":"status-publish","5":"product_cat-m","6":"pa_packungsgroesse-10-beutel","7":"pa_packungsgroesse-100-beutel","8":"pa_packungsgroesse-20-beutel","9":"pa_packungsgroesse-50-beutel","11":"first","12":"instock","13":"shipping-taxable","14":"purchasable","15":"product-type-simple"},"acf":[],"_links":{"self":[{"href":"https:\/\/www.hirtenberg-apotheke.at\/katalog\/wp-json\/wp\/v2\/product\/23504","targetHints":{"allow":["GET"]}}],"collection":[{"href":"https:\/\/www.hirtenberg-apotheke.at\/katalog\/wp-json\/wp\/v2\/product"}],"about":[{"href":"https:\/\/www.hirtenberg-apotheke.at\/katalog\/wp-json\/wp\/v2\/types\/product"}],"wp:attachment":[{"href":"https:\/\/www.hirtenberg-apotheke.at\/katalog\/wp-json\/wp\/v2\/media?parent=23504"}],"wp:term":[{"taxonomy":"product_brand","embeddable":true,"href":"https:\/\/www.hirtenberg-apotheke.at\/katalog\/wp-json\/wp\/v2\/product_brand?post=23504"},{"taxonomy":"product_cat","embeddable":true,"href":"https:\/\/www.hirtenberg-apotheke.at\/katalog\/wp-json\/wp\/v2\/product_cat?post=23504"},{"taxonomy":"product_tag","embeddable":true,"href":"https:\/\/www.hirtenberg-apotheke.at\/katalog\/wp-json\/wp\/v2\/product_tag?post=23504"}],"curies":[{"name":"wp","href":"https:\/\/api.w.org\/{rel}","templated":true}]}}