{"id":23537,"date":"2025-11-25T19:27:23","date_gmt":"2025-11-25T18:27:23","guid":{"rendered":"https:\/\/www.hirtenberg-apotheke.at\/katalog\/produkt\/mikrosan-kraeuterkonzentrat-1-l\/"},"modified":"2025-11-25T19:27:25","modified_gmt":"2025-11-25T18:27:25","slug":"mikrosan-kraeuterkonzentrat-1-l","status":"publish","type":"product","link":"https:\/\/www.hirtenberg-apotheke.at\/katalog\/produkt\/mikrosan-kraeuterkonzentrat-1-l\/","title":{"rendered":"Mikrosan Kr\u00e4uterkonzentrat 1 L"},"content":{"rendered":"<p>Mikrosan Kr\u00e4uterkonzentrat reinigt den Darm auf sanfte Weise und verhilft zu seiner gesunden Balance. Durch falsche Ern\u00e4hrung, Stress, Einnahme von Medikamenten und mangelnde Bewegung steht unser Magen-Darmtrakt st\u00e4ndig unter Beschuss. Mikroorganismen sorgen f\u00fcr eine normale Darmfunktion und 24 verschiedenste Pflanzen- und Kr\u00e4uterarten wirken verdauungsf\u00f6rdernd, entbl\u00e4hend und lindern Beschwerden.<\/p>\n","protected":false},"excerpt":{"rendered":"<p>Mikrosan Kr\u00e4uterkonzentrat reinigt den Darm auf sanfte Weise und verhilft zu seiner gesunden Balance. Durch falsche Ern\u00e4hrung, Stress, Einnahme von Medikamenten und mangelnde Bewegung steht unser Magen-Darmtrakt st\u00e4ndig unter Beschuss. Mikroorganismen sorgen f\u00fcr eine normale Darmfunktion und 24 verschiedenste Pflanzen- und Kr\u00e4uterarten wirken verdauungsf\u00f6rdernd, entbl\u00e4hend und lindern Beschwerden.<\/p>\n","protected":false},"featured_media":0,"template":"","meta":{"_acf_changed":false},"product_brand":[],"product_cat":[308],"product_tag":[],"class_list":{"0":"post-23537","1":"product","2":"type-product","3":"status-publish","5":"product_cat-m","6":"pa_packungsgroesse-1l","8":"first","9":"instock","10":"shipping-taxable","11":"purchasable","12":"product-type-simple"},"acf":[],"_links":{"self":[{"href":"https:\/\/www.hirtenberg-apotheke.at\/katalog\/wp-json\/wp\/v2\/product\/23537","targetHints":{"allow":["GET"]}}],"collection":[{"href":"https:\/\/www.hirtenberg-apotheke.at\/katalog\/wp-json\/wp\/v2\/product"}],"about":[{"href":"https:\/\/www.hirtenberg-apotheke.at\/katalog\/wp-json\/wp\/v2\/types\/product"}],"wp:attachment":[{"href":"https:\/\/www.hirtenberg-apotheke.at\/katalog\/wp-json\/wp\/v2\/media?parent=23537"}],"wp:term":[{"taxonomy":"product_brand","embeddable":true,"href":"https:\/\/www.hirtenberg-apotheke.at\/katalog\/wp-json\/wp\/v2\/product_brand?post=23537"},{"taxonomy":"product_cat","embeddable":true,"href":"https:\/\/www.hirtenberg-apotheke.at\/katalog\/wp-json\/wp\/v2\/product_cat?post=23537"},{"taxonomy":"product_tag","embeddable":true,"href":"https:\/\/www.hirtenberg-apotheke.at\/katalog\/wp-json\/wp\/v2\/product_tag?post=23537"}],"curies":[{"name":"wp","href":"https:\/\/api.w.org\/{rel}","templated":true}]}}