{"id":23542,"date":"2025-11-25T19:27:23","date_gmt":"2025-11-25T18:27:23","guid":{"rendered":"https:\/\/www.hirtenberg-apotheke.at\/katalog\/produkt\/laxasan-tropfen-20-ml\/"},"modified":"2025-11-25T19:27:30","modified_gmt":"2025-11-25T18:27:30","slug":"laxasan-tropfen-20-ml","status":"publish","type":"product","link":"https:\/\/www.hirtenberg-apotheke.at\/katalog\/produkt\/laxasan-tropfen-20-ml\/","title":{"rendered":"Laxasan Tropfen 20 ml"},"content":{"rendered":"<p>Laxasan\u00ae Tropfen sind ein Abf\u00fchrmittel, das in schonender Weise den nat\u00fcrlichen Entleerungsprozess im Dickdarm anregt. Das Stuhlvolumen vergr\u00f6\u00dfert sich und der Stuhl wird d\u00fcnnfl\u00fcssiger.<\/p>\n","protected":false},"excerpt":{"rendered":"<p>Laxasan\u00ae Tropfen sind ein Abf\u00fchrmittel, das in schonender Weise den nat\u00fcrlichen Entleerungsprozess im Dickdarm anregt. Das Stuhlvolumen vergr\u00f6\u00dfert sich und der Stuhl wird d\u00fcnnfl\u00fcssiger.<\/p>\n","protected":false},"featured_media":0,"template":"","meta":{"_acf_changed":false},"product_brand":[],"product_cat":[317],"product_tag":[],"class_list":{"0":"post-23542","1":"product","2":"type-product","3":"status-publish","5":"product_cat-l","6":"pa_packungsgroesse-20ml","8":"first","9":"instock","10":"shipping-taxable","11":"purchasable","12":"product-type-simple"},"acf":[],"_links":{"self":[{"href":"https:\/\/www.hirtenberg-apotheke.at\/katalog\/wp-json\/wp\/v2\/product\/23542","targetHints":{"allow":["GET"]}}],"collection":[{"href":"https:\/\/www.hirtenberg-apotheke.at\/katalog\/wp-json\/wp\/v2\/product"}],"about":[{"href":"https:\/\/www.hirtenberg-apotheke.at\/katalog\/wp-json\/wp\/v2\/types\/product"}],"wp:attachment":[{"href":"https:\/\/www.hirtenberg-apotheke.at\/katalog\/wp-json\/wp\/v2\/media?parent=23542"}],"wp:term":[{"taxonomy":"product_brand","embeddable":true,"href":"https:\/\/www.hirtenberg-apotheke.at\/katalog\/wp-json\/wp\/v2\/product_brand?post=23542"},{"taxonomy":"product_cat","embeddable":true,"href":"https:\/\/www.hirtenberg-apotheke.at\/katalog\/wp-json\/wp\/v2\/product_cat?post=23542"},{"taxonomy":"product_tag","embeddable":true,"href":"https:\/\/www.hirtenberg-apotheke.at\/katalog\/wp-json\/wp\/v2\/product_tag?post=23542"}],"curies":[{"name":"wp","href":"https:\/\/api.w.org\/{rel}","templated":true}]}}