{"id":23560,"date":"2025-11-25T19:27:23","date_gmt":"2025-11-25T18:27:23","guid":{"rendered":"https:\/\/www.hirtenberg-apotheke.at\/katalog\/produkt\/glycerin-zaepfchen-roesch-3g\/"},"modified":"2025-11-25T19:27:45","modified_gmt":"2025-11-25T18:27:45","slug":"glycerin-zaepfchen-roesch-3g","status":"publish","type":"product","link":"https:\/\/www.hirtenberg-apotheke.at\/katalog\/produkt\/glycerin-zaepfchen-roesch-3g\/","title":{"rendered":"Glycerin Z\u00e4pfchen R\u00f6sch 3g"},"content":{"rendered":"<p>Ideal f\u00fcr eine nat\u00fcrliche Stuhlregulierung und einen leichten Stuhlgang, wirkt sanft abf\u00fchrend und schont die Darmflora. Anzuwenden z.B. bei H\u00e4morrhoidalleiden, bei l\u00e4ngerer Bettl\u00e4gerigkeit, bei Kindern mit Verstopfung oder auch nach Operationen, wenn Anstrengungen beim Stuhlgang vermieden werden sollen &#8211; jetzt online bestellen und bares Geld sparen!<\/p>\n","protected":false},"excerpt":{"rendered":"<p>Ideal f\u00fcr eine nat\u00fcrliche Stuhlregulierung und einen leichten Stuhlgang, wirkt sanft abf\u00fchrend und schont die Darmflora. Anzuwenden z.B. bei H\u00e4morrhoidalleiden, bei l\u00e4ngerer Bettl\u00e4gerigkeit, bei Kindern mit Verstopfung oder auch nach Operationen, wenn Anstrengungen beim Stuhlgang vermieden werden sollen &#8211; jetzt online bestellen und bares Geld sparen!<\/p>\n","protected":false},"featured_media":23562,"template":"","meta":{"_acf_changed":false},"product_brand":[],"product_cat":[328],"product_tag":[],"class_list":{"0":"post-23560","1":"product","2":"type-product","3":"status-publish","4":"has-post-thumbnail","6":"product_cat-g","7":"pa_packungsgroesse-10-stueck","9":"first","10":"instock","11":"shipping-taxable","12":"purchasable","13":"product-type-simple"},"acf":[],"_links":{"self":[{"href":"https:\/\/www.hirtenberg-apotheke.at\/katalog\/wp-json\/wp\/v2\/product\/23560","targetHints":{"allow":["GET"]}}],"collection":[{"href":"https:\/\/www.hirtenberg-apotheke.at\/katalog\/wp-json\/wp\/v2\/product"}],"about":[{"href":"https:\/\/www.hirtenberg-apotheke.at\/katalog\/wp-json\/wp\/v2\/types\/product"}],"wp:featuredmedia":[{"embeddable":true,"href":"https:\/\/www.hirtenberg-apotheke.at\/katalog\/wp-json\/wp\/v2\/media\/23562"}],"wp:attachment":[{"href":"https:\/\/www.hirtenberg-apotheke.at\/katalog\/wp-json\/wp\/v2\/media?parent=23560"}],"wp:term":[{"taxonomy":"product_brand","embeddable":true,"href":"https:\/\/www.hirtenberg-apotheke.at\/katalog\/wp-json\/wp\/v2\/product_brand?post=23560"},{"taxonomy":"product_cat","embeddable":true,"href":"https:\/\/www.hirtenberg-apotheke.at\/katalog\/wp-json\/wp\/v2\/product_cat?post=23560"},{"taxonomy":"product_tag","embeddable":true,"href":"https:\/\/www.hirtenberg-apotheke.at\/katalog\/wp-json\/wp\/v2\/product_tag?post=23560"}],"curies":[{"name":"wp","href":"https:\/\/api.w.org\/{rel}","templated":true}]}}