{"id":23570,"date":"2025-11-25T19:27:23","date_gmt":"2025-11-25T18:27:23","guid":{"rendered":"https:\/\/www.hirtenberg-apotheke.at\/katalog\/produkt\/colibiogen-oral-loesung-100-ml\/"},"modified":"2025-11-25T19:27:54","modified_gmt":"2025-11-25T18:27:54","slug":"colibiogen-oral-loesung-100-ml","status":"publish","type":"product","link":"https:\/\/www.hirtenberg-apotheke.at\/katalog\/produkt\/colibiogen-oral-loesung-100-ml\/","title":{"rendered":"Colibiogen Oral L\u00f6sung 100 ml"},"content":{"rendered":"<p>Colibiogen Oral L\u00f6sung sch\u00fctzt die Schleimh\u00e4ute, hemmt Entz\u00fcndungen der Schleimh\u00e4ute und f\u00f6rdert zudem die Wideransiedlung der nat\u00fcrlichen Darmflora. Au\u00dferdem regeneriert sie gesch\u00e4digte Schleimhautbereiche und stimuliert dar\u00fcber hinaus das Immunsystem.<\/p>\n","protected":false},"excerpt":{"rendered":"<p>Colibiogen Oral L\u00f6sung sch\u00fctzt die Schleimh\u00e4ute, hemmt Entz\u00fcndungen der Schleimh\u00e4ute und f\u00f6rdert zudem die Wideransiedlung der nat\u00fcrlichen Darmflora. Au\u00dferdem regeneriert sie gesch\u00e4digte Schleimhautbereiche und stimuliert dar\u00fcber hinaus das Immunsystem.<\/p>\n","protected":false},"featured_media":23572,"template":"","meta":{"_acf_changed":false},"product_brand":[],"product_cat":[337],"product_tag":[],"class_list":{"0":"post-23570","1":"product","2":"type-product","3":"status-publish","4":"has-post-thumbnail","6":"product_cat-c","7":"pa_packungsgroesse-100ml","9":"first","10":"instock","11":"shipping-taxable","12":"purchasable","13":"product-type-simple"},"acf":[],"_links":{"self":[{"href":"https:\/\/www.hirtenberg-apotheke.at\/katalog\/wp-json\/wp\/v2\/product\/23570","targetHints":{"allow":["GET"]}}],"collection":[{"href":"https:\/\/www.hirtenberg-apotheke.at\/katalog\/wp-json\/wp\/v2\/product"}],"about":[{"href":"https:\/\/www.hirtenberg-apotheke.at\/katalog\/wp-json\/wp\/v2\/types\/product"}],"wp:featuredmedia":[{"embeddable":true,"href":"https:\/\/www.hirtenberg-apotheke.at\/katalog\/wp-json\/wp\/v2\/media\/23572"}],"wp:attachment":[{"href":"https:\/\/www.hirtenberg-apotheke.at\/katalog\/wp-json\/wp\/v2\/media?parent=23570"}],"wp:term":[{"taxonomy":"product_brand","embeddable":true,"href":"https:\/\/www.hirtenberg-apotheke.at\/katalog\/wp-json\/wp\/v2\/product_brand?post=23570"},{"taxonomy":"product_cat","embeddable":true,"href":"https:\/\/www.hirtenberg-apotheke.at\/katalog\/wp-json\/wp\/v2\/product_cat?post=23570"},{"taxonomy":"product_tag","embeddable":true,"href":"https:\/\/www.hirtenberg-apotheke.at\/katalog\/wp-json\/wp\/v2\/product_tag?post=23570"}],"curies":[{"name":"wp","href":"https:\/\/api.w.org\/{rel}","templated":true}]}}