{"id":23630,"date":"2025-11-25T19:28:22","date_gmt":"2025-11-25T18:28:22","guid":{"rendered":"https:\/\/www.hirtenberg-apotheke.at\/katalog\/produkt\/glycerin-zaepfchen-roesch-1g\/"},"modified":"2025-11-25T19:28:38","modified_gmt":"2025-11-25T18:28:38","slug":"glycerin-zaepfchen-roesch-1g","status":"publish","type":"product","link":"https:\/\/www.hirtenberg-apotheke.at\/katalog\/produkt\/glycerin-zaepfchen-roesch-1g\/","title":{"rendered":"Glycerin Z\u00e4pfchen R\u00f6sch 1g"},"content":{"rendered":"<p>Ideal f\u00fcr eine nat\u00fcrliche Stuhlregulierung und einen leichten Stuhlgang, wirken sanft abf\u00fchrend und schonen die Darmflora. Anzuwenden z.B. bei H\u00e4morrhoidalleiden, bei l\u00e4ngerer Bettl\u00e4gerigkeit, bei Kindern mit Verstopfung oder auch nach Operationen, wenn Anstrengungen beim Stuhlgang vermieden werden sollen.<\/p>\n<p>&#13;<\/p>\n<p>\u00a0<\/p>\n<p>&#13;<\/p>\n<p><strong>Wirkung<\/strong><\/p>\n<p>&#13;<\/p>\n<p>Glycerin Z\u00e4pfchen wirken\u00a0auf physikalischem Wege wasseranziehend und regen daher die Schleimhaut des Enddarms zur Wasserabgabe an, wodurch der eingedickte Inhalt gleitf\u00e4hig wird.<\/p>\n","protected":false},"excerpt":{"rendered":"<p>Ideal f\u00fcr eine nat\u00fcrliche Stuhlregulierung und einen leichten Stuhlgang, wirken sanft abf\u00fchrend und schonen die Darmflora. Anzuwenden z.B. bei H\u00e4morrhoidalleiden, bei l\u00e4ngerer Bettl\u00e4gerigkeit, bei Kindern mit Verstopfung oder auch nach Operationen, wenn Anstrengungen beim Stuhlgang vermieden werden sollen. &#13; \u00a0 &#13; Wirkung &#13; Glycerin Z\u00e4pfchen wirken\u00a0auf physikalischem Wege wasseranziehend und regen daher die Schleimhaut des [&hellip;]<\/p>\n","protected":false},"featured_media":23632,"template":"","meta":{"_acf_changed":false},"product_brand":[],"product_cat":[328],"product_tag":[],"class_list":{"0":"post-23630","1":"product","2":"type-product","3":"status-publish","4":"has-post-thumbnail","6":"product_cat-g","7":"pa_packungsgroesse-10-stueck","9":"first","10":"instock","11":"shipping-taxable","12":"purchasable","13":"product-type-simple"},"acf":[],"_links":{"self":[{"href":"https:\/\/www.hirtenberg-apotheke.at\/katalog\/wp-json\/wp\/v2\/product\/23630","targetHints":{"allow":["GET"]}}],"collection":[{"href":"https:\/\/www.hirtenberg-apotheke.at\/katalog\/wp-json\/wp\/v2\/product"}],"about":[{"href":"https:\/\/www.hirtenberg-apotheke.at\/katalog\/wp-json\/wp\/v2\/types\/product"}],"wp:featuredmedia":[{"embeddable":true,"href":"https:\/\/www.hirtenberg-apotheke.at\/katalog\/wp-json\/wp\/v2\/media\/23632"}],"wp:attachment":[{"href":"https:\/\/www.hirtenberg-apotheke.at\/katalog\/wp-json\/wp\/v2\/media?parent=23630"}],"wp:term":[{"taxonomy":"product_brand","embeddable":true,"href":"https:\/\/www.hirtenberg-apotheke.at\/katalog\/wp-json\/wp\/v2\/product_brand?post=23630"},{"taxonomy":"product_cat","embeddable":true,"href":"https:\/\/www.hirtenberg-apotheke.at\/katalog\/wp-json\/wp\/v2\/product_cat?post=23630"},{"taxonomy":"product_tag","embeddable":true,"href":"https:\/\/www.hirtenberg-apotheke.at\/katalog\/wp-json\/wp\/v2\/product_tag?post=23630"}],"curies":[{"name":"wp","href":"https:\/\/api.w.org\/{rel}","templated":true}]}}