{"id":23635,"date":"2025-11-25T19:28:22","date_gmt":"2025-11-25T18:28:22","guid":{"rendered":"https:\/\/www.hirtenberg-apotheke.at\/katalog\/produkt\/fructosin-30-stk\/"},"modified":"2025-11-25T19:28:49","modified_gmt":"2025-11-25T18:28:49","slug":"fructosin-30-stk","status":"publish","type":"product","link":"https:\/\/www.hirtenberg-apotheke.at\/katalog\/produkt\/fructosin-30-stk\/","title":{"rendered":"FRUCTOSiN 30 Stk."},"content":{"rendered":"<p>FRUCTOSiN\u00ae ist ein Medizinprodukt mit dem Enzym Xylose Isomerase zur Behandlung bei Fruktosemalabsorption. Bei Fruktosemalabsorption ist der K\u00f6rper nicht in der Lage, in ausreichendem Ma\u00dfe Fruktose im Darm zu absorbieren, wodurch ein \u00dcberschuss des Zuckers im Verdauungstrakt entsteht. Der bakterielle Abbau des Zuckers f\u00fchrt infolge zu Symptomen wie Bauchkr\u00e4mpfen, \u00dcbelkeit und gest\u00f6rter Darmfunktion. FRUCTOSiN\u00ae wandelt Fruktose zu Glukose im D\u00fcnndarm um und hilft somit die Beschwerden bei Fruktosemalabsorption zu lindern.<\/p>\n","protected":false},"excerpt":{"rendered":"<p>FRUCTOSiN\u00ae ist ein Medizinprodukt mit dem Enzym Xylose Isomerase zur Behandlung bei Fruktosemalabsorption. Bei Fruktosemalabsorption ist der K\u00f6rper nicht in der Lage, in ausreichendem Ma\u00dfe Fruktose im Darm zu absorbieren, wodurch ein \u00dcberschuss des Zuckers im Verdauungstrakt entsteht. Der bakterielle Abbau des Zuckers f\u00fchrt infolge zu Symptomen wie Bauchkr\u00e4mpfen, \u00dcbelkeit und gest\u00f6rter Darmfunktion. FRUCTOSiN\u00ae wandelt [&hellip;]<\/p>\n","protected":false},"featured_media":23637,"template":"","meta":{"_acf_changed":false},"product_brand":[],"product_cat":[322],"product_tag":[],"class_list":{"0":"post-23635","1":"product","2":"type-product","3":"status-publish","4":"has-post-thumbnail","6":"product_cat-f","7":"pa_packungsgroesse-30-stueck","9":"first","10":"instock","11":"shipping-taxable","12":"purchasable","13":"product-type-simple"},"acf":[],"_links":{"self":[{"href":"https:\/\/www.hirtenberg-apotheke.at\/katalog\/wp-json\/wp\/v2\/product\/23635","targetHints":{"allow":["GET"]}}],"collection":[{"href":"https:\/\/www.hirtenberg-apotheke.at\/katalog\/wp-json\/wp\/v2\/product"}],"about":[{"href":"https:\/\/www.hirtenberg-apotheke.at\/katalog\/wp-json\/wp\/v2\/types\/product"}],"wp:featuredmedia":[{"embeddable":true,"href":"https:\/\/www.hirtenberg-apotheke.at\/katalog\/wp-json\/wp\/v2\/media\/23637"}],"wp:attachment":[{"href":"https:\/\/www.hirtenberg-apotheke.at\/katalog\/wp-json\/wp\/v2\/media?parent=23635"}],"wp:term":[{"taxonomy":"product_brand","embeddable":true,"href":"https:\/\/www.hirtenberg-apotheke.at\/katalog\/wp-json\/wp\/v2\/product_brand?post=23635"},{"taxonomy":"product_cat","embeddable":true,"href":"https:\/\/www.hirtenberg-apotheke.at\/katalog\/wp-json\/wp\/v2\/product_cat?post=23635"},{"taxonomy":"product_tag","embeddable":true,"href":"https:\/\/www.hirtenberg-apotheke.at\/katalog\/wp-json\/wp\/v2\/product_tag?post=23635"}],"curies":[{"name":"wp","href":"https:\/\/api.w.org\/{rel}","templated":true}]}}