{"id":23657,"date":"2025-11-25T19:28:56","date_gmt":"2025-11-25T18:28:56","guid":{"rendered":"https:\/\/www.hirtenberg-apotheke.at\/katalog\/produkt\/aciflovital-plus-250-g-nr-1\/"},"modified":"2025-11-25T19:29:05","modified_gmt":"2025-11-25T18:29:05","slug":"aciflovital-plus-250-g-nr-1","status":"publish","type":"product","link":"https:\/\/www.hirtenberg-apotheke.at\/katalog\/produkt\/aciflovital-plus-250-g-nr-1\/","title":{"rendered":"Aciflovital Plus 250 g Nr. 1"},"content":{"rendered":"<p>Aciflovital Plus Nr. 1 reinigt den Darm auf angenehme Weise und unterst\u00fctzt sanft bei Magen- und Verdauungsproblemen. Erleben Sie ein neues Gef\u00fchl der Leichtigkeit. Dieses Produkt ist in 2 Varianten erh\u00e4ltlich.<\/p>\n","protected":false},"excerpt":{"rendered":"<p>Aciflovital Plus Nr. 1 reinigt den Darm auf angenehme Weise und unterst\u00fctzt sanft bei Magen- und Verdauungsproblemen. Erleben Sie ein neues Gef\u00fchl der Leichtigkeit. Dieses Produkt ist in 2 Varianten erh\u00e4ltlich.<\/p>\n","protected":false},"featured_media":23659,"template":"","meta":{"_acf_changed":false},"product_brand":[],"product_cat":[299],"product_tag":[],"class_list":{"0":"post-23657","1":"product","2":"type-product","3":"status-publish","4":"has-post-thumbnail","6":"product_cat-a","7":"pa_packungsgroesse-250g","9":"first","10":"instock","11":"shipping-taxable","12":"purchasable","13":"product-type-simple"},"acf":[],"_links":{"self":[{"href":"https:\/\/www.hirtenberg-apotheke.at\/katalog\/wp-json\/wp\/v2\/product\/23657","targetHints":{"allow":["GET"]}}],"collection":[{"href":"https:\/\/www.hirtenberg-apotheke.at\/katalog\/wp-json\/wp\/v2\/product"}],"about":[{"href":"https:\/\/www.hirtenberg-apotheke.at\/katalog\/wp-json\/wp\/v2\/types\/product"}],"wp:featuredmedia":[{"embeddable":true,"href":"https:\/\/www.hirtenberg-apotheke.at\/katalog\/wp-json\/wp\/v2\/media\/23659"}],"wp:attachment":[{"href":"https:\/\/www.hirtenberg-apotheke.at\/katalog\/wp-json\/wp\/v2\/media?parent=23657"}],"wp:term":[{"taxonomy":"product_brand","embeddable":true,"href":"https:\/\/www.hirtenberg-apotheke.at\/katalog\/wp-json\/wp\/v2\/product_brand?post=23657"},{"taxonomy":"product_cat","embeddable":true,"href":"https:\/\/www.hirtenberg-apotheke.at\/katalog\/wp-json\/wp\/v2\/product_cat?post=23657"},{"taxonomy":"product_tag","embeddable":true,"href":"https:\/\/www.hirtenberg-apotheke.at\/katalog\/wp-json\/wp\/v2\/product_tag?post=23657"}],"curies":[{"name":"wp","href":"https:\/\/api.w.org\/{rel}","templated":true}]}}