{"id":23664,"date":"2025-11-25T19:28:56","date_gmt":"2025-11-25T18:28:56","guid":{"rendered":"https:\/\/www.hirtenberg-apotheke.at\/katalog\/produkt\/lacta-sticks-30-stk\/"},"modified":"2025-11-25T19:29:05","modified_gmt":"2025-11-25T18:29:05","slug":"lacta-sticks-30-stk","status":"publish","type":"product","link":"https:\/\/www.hirtenberg-apotheke.at\/katalog\/produkt\/lacta-sticks-30-stk\/","title":{"rendered":"Lacta-Sticks 30 Stk."},"content":{"rendered":"<p>Lacta-Sticks dienen zur di\u00e4tetischen Behandlung von Lactose-Intoleranz. Bei Lactose-Intoleranz fehlt dem K\u00f6rper das Enzym Lactase, das f\u00fcr die Spaltung und Verdauung des Milchzuckers verantwortlich ist. Beim Verzehr milchzuckerhaltiger Produkte treten Symptome wie etwa Bl\u00e4hungen, Bauchschmerzen, Durchfall und \u00dcbelkeit auf. Lacta-Sticks ersetzen das fehlende k\u00f6rpereigene Enzym Lactase und helfen, Lactose zu verdauen.<\/p>\n","protected":false},"excerpt":{"rendered":"<p>Lacta-Sticks dienen zur di\u00e4tetischen Behandlung von Lactose-Intoleranz. Bei Lactose-Intoleranz fehlt dem K\u00f6rper das Enzym Lactase, das f\u00fcr die Spaltung und Verdauung des Milchzuckers verantwortlich ist. Beim Verzehr milchzuckerhaltiger Produkte treten Symptome wie etwa Bl\u00e4hungen, Bauchschmerzen, Durchfall und \u00dcbelkeit auf. Lacta-Sticks ersetzen das fehlende k\u00f6rpereigene Enzym Lactase und helfen, Lactose zu verdauen.<\/p>\n","protected":false},"featured_media":0,"template":"","meta":{"_acf_changed":false},"product_brand":[],"product_cat":[317],"product_tag":[],"class_list":{"0":"post-23664","1":"product","2":"type-product","3":"status-publish","5":"product_cat-l","6":"pa_packungsgroesse-30-stueck","8":"first","9":"instock","10":"shipping-taxable","11":"purchasable","12":"product-type-simple"},"acf":[],"_links":{"self":[{"href":"https:\/\/www.hirtenberg-apotheke.at\/katalog\/wp-json\/wp\/v2\/product\/23664","targetHints":{"allow":["GET"]}}],"collection":[{"href":"https:\/\/www.hirtenberg-apotheke.at\/katalog\/wp-json\/wp\/v2\/product"}],"about":[{"href":"https:\/\/www.hirtenberg-apotheke.at\/katalog\/wp-json\/wp\/v2\/types\/product"}],"wp:attachment":[{"href":"https:\/\/www.hirtenberg-apotheke.at\/katalog\/wp-json\/wp\/v2\/media?parent=23664"}],"wp:term":[{"taxonomy":"product_brand","embeddable":true,"href":"https:\/\/www.hirtenberg-apotheke.at\/katalog\/wp-json\/wp\/v2\/product_brand?post=23664"},{"taxonomy":"product_cat","embeddable":true,"href":"https:\/\/www.hirtenberg-apotheke.at\/katalog\/wp-json\/wp\/v2\/product_cat?post=23664"},{"taxonomy":"product_tag","embeddable":true,"href":"https:\/\/www.hirtenberg-apotheke.at\/katalog\/wp-json\/wp\/v2\/product_tag?post=23664"}],"curies":[{"name":"wp","href":"https:\/\/api.w.org\/{rel}","templated":true}]}}