{"id":23683,"date":"2025-11-25T19:28:56","date_gmt":"2025-11-25T18:28:56","guid":{"rendered":"https:\/\/www.hirtenberg-apotheke.at\/katalog\/produkt\/lactostop-tabletten-80-stk-14-000-fcc\/"},"modified":"2025-11-25T19:29:30","modified_gmt":"2025-11-25T18:29:30","slug":"lactostop-tabletten-80-stk-14-000-fcc","status":"publish","type":"product","link":"https:\/\/www.hirtenberg-apotheke.at\/katalog\/produkt\/lactostop-tabletten-80-stk-14-000-fcc\/","title":{"rendered":"Lactostop Tabletten 80 Stk. 14.000 Fcc"},"content":{"rendered":"<p>Lactostop Tabletten sind das Mittel Ihrer Wahl bei Lactoseintoleranz, da die Einnahme dieser Tabletten den Genuss von Milchprodukten erm\u00f6glicht. Die Tabletten sind f\u00fcr Kinder und Schwangere gleicherma\u00dfen geeignet.erhalten Sie dieses Produkt in den Varianten 3.300 Fcc (100 St\u00fcck), 5.500 Fcc (100 St\u00fcck) 14.000 Fcc (40 und 80 St\u00fcck).<\/p>\n","protected":false},"excerpt":{"rendered":"<p>Lactostop Tabletten sind das Mittel Ihrer Wahl bei Lactoseintoleranz, da die Einnahme dieser Tabletten den Genuss von Milchprodukten erm\u00f6glicht. Die Tabletten sind f\u00fcr Kinder und Schwangere gleicherma\u00dfen geeignet.erhalten Sie dieses Produkt in den Varianten 3.300 Fcc (100 St\u00fcck), 5.500 Fcc (100 St\u00fcck) 14.000 Fcc (40 und 80 St\u00fcck).<\/p>\n","protected":false},"featured_media":23685,"template":"","meta":{"_acf_changed":false},"product_brand":[],"product_cat":[317],"product_tag":[],"class_list":{"0":"post-23683","1":"product","2":"type-product","3":"status-publish","4":"has-post-thumbnail","6":"product_cat-l","7":"pa_packungsgroesse-80-stueck","9":"first","10":"instock","11":"shipping-taxable","12":"purchasable","13":"product-type-simple"},"acf":[],"_links":{"self":[{"href":"https:\/\/www.hirtenberg-apotheke.at\/katalog\/wp-json\/wp\/v2\/product\/23683","targetHints":{"allow":["GET"]}}],"collection":[{"href":"https:\/\/www.hirtenberg-apotheke.at\/katalog\/wp-json\/wp\/v2\/product"}],"about":[{"href":"https:\/\/www.hirtenberg-apotheke.at\/katalog\/wp-json\/wp\/v2\/types\/product"}],"wp:featuredmedia":[{"embeddable":true,"href":"https:\/\/www.hirtenberg-apotheke.at\/katalog\/wp-json\/wp\/v2\/media\/23685"}],"wp:attachment":[{"href":"https:\/\/www.hirtenberg-apotheke.at\/katalog\/wp-json\/wp\/v2\/media?parent=23683"}],"wp:term":[{"taxonomy":"product_brand","embeddable":true,"href":"https:\/\/www.hirtenberg-apotheke.at\/katalog\/wp-json\/wp\/v2\/product_brand?post=23683"},{"taxonomy":"product_cat","embeddable":true,"href":"https:\/\/www.hirtenberg-apotheke.at\/katalog\/wp-json\/wp\/v2\/product_cat?post=23683"},{"taxonomy":"product_tag","embeddable":true,"href":"https:\/\/www.hirtenberg-apotheke.at\/katalog\/wp-json\/wp\/v2\/product_tag?post=23683"}],"curies":[{"name":"wp","href":"https:\/\/api.w.org\/{rel}","templated":true}]}}