{"id":23742,"date":"2025-11-25T19:30:05","date_gmt":"2025-11-25T18:30:05","guid":{"rendered":"https:\/\/www.hirtenberg-apotheke.at\/katalog\/produkt\/lactase-6-000-kapseln-60-stk\/"},"modified":"2025-11-25T19:30:09","modified_gmt":"2025-11-25T18:30:09","slug":"lactase-6-000-kapseln-60-stk","status":"publish","type":"product","link":"https:\/\/www.hirtenberg-apotheke.at\/katalog\/produkt\/lactase-6-000-kapseln-60-stk\/","title":{"rendered":"Lactase 6.000 Kapseln 60 Stk."},"content":{"rendered":"<p>Lactase 6.000 Kapseln sind ein di\u00e4tisches Lebensmittel zur besonderen Ern\u00e4hrung bei durch Lacatasemangel bedingter Lactoseintoleranz. Das Produkt enth\u00e4lt das Enzym Lactase, das Milchzucker spaltet und die Aufgabe fehlender k\u00f6rpereigener Lactase bei Lactasemangel \u00fcbernehmen kann.<\/p>\n","protected":false},"excerpt":{"rendered":"<p>Lactase 6.000 Kapseln sind ein di\u00e4tisches Lebensmittel zur besonderen Ern\u00e4hrung bei durch Lacatasemangel bedingter Lactoseintoleranz. Das Produkt enth\u00e4lt das Enzym Lactase, das Milchzucker spaltet und die Aufgabe fehlender k\u00f6rpereigener Lactase bei Lactasemangel \u00fcbernehmen kann.<\/p>\n","protected":false},"featured_media":23744,"template":"","meta":{"_acf_changed":false},"product_brand":[],"product_cat":[317],"product_tag":[],"class_list":{"0":"post-23742","1":"product","2":"type-product","3":"status-publish","4":"has-post-thumbnail","6":"product_cat-l","7":"pa_packungsgroesse-60-stueck","9":"first","10":"instock","11":"shipping-taxable","12":"purchasable","13":"product-type-simple"},"acf":[],"_links":{"self":[{"href":"https:\/\/www.hirtenberg-apotheke.at\/katalog\/wp-json\/wp\/v2\/product\/23742","targetHints":{"allow":["GET"]}}],"collection":[{"href":"https:\/\/www.hirtenberg-apotheke.at\/katalog\/wp-json\/wp\/v2\/product"}],"about":[{"href":"https:\/\/www.hirtenberg-apotheke.at\/katalog\/wp-json\/wp\/v2\/types\/product"}],"wp:featuredmedia":[{"embeddable":true,"href":"https:\/\/www.hirtenberg-apotheke.at\/katalog\/wp-json\/wp\/v2\/media\/23744"}],"wp:attachment":[{"href":"https:\/\/www.hirtenberg-apotheke.at\/katalog\/wp-json\/wp\/v2\/media?parent=23742"}],"wp:term":[{"taxonomy":"product_brand","embeddable":true,"href":"https:\/\/www.hirtenberg-apotheke.at\/katalog\/wp-json\/wp\/v2\/product_brand?post=23742"},{"taxonomy":"product_cat","embeddable":true,"href":"https:\/\/www.hirtenberg-apotheke.at\/katalog\/wp-json\/wp\/v2\/product_cat?post=23742"},{"taxonomy":"product_tag","embeddable":true,"href":"https:\/\/www.hirtenberg-apotheke.at\/katalog\/wp-json\/wp\/v2\/product_tag?post=23742"}],"curies":[{"name":"wp","href":"https:\/\/api.w.org\/{rel}","templated":true}]}}