{"id":23751,"date":"2025-11-25T19:30:05","date_gmt":"2025-11-25T18:30:05","guid":{"rendered":"https:\/\/www.hirtenberg-apotheke.at\/katalog\/produkt\/floramed-ingwer-aktiv-kapseln\/"},"modified":"2025-11-25T19:30:13","modified_gmt":"2025-11-25T18:30:13","slug":"floramed-ingwer-aktiv-kapseln","status":"publish","type":"product","link":"https:\/\/www.hirtenberg-apotheke.at\/katalog\/produkt\/floramed-ingwer-aktiv-kapseln\/","title":{"rendered":"Floramed Ingwer aktiv Kapseln"},"content":{"rendered":"<p>Floramed Ingwer aktiv, 60 Kapseln beinhaltet F\u00fcr das allgemeine Wohlbefinden auf Reisen. Vitamin B12 unterst\u00fctzt den Energiestoffwechsel. Laktose- und Glutenfrei.Health Claims &#8211; gesundheitsbezogene AussagenVitamin B12 tr\u00e4gt zu einem normalen Energiestoffwechsel und zu einer normalen Funktion des Nervensystems bei<\/p>\n","protected":false},"excerpt":{"rendered":"<p>Floramed Ingwer aktiv, 60 Kapseln beinhaltet F\u00fcr das allgemeine Wohlbefinden auf Reisen. Vitamin B12 unterst\u00fctzt den Energiestoffwechsel. Laktose- und Glutenfrei.Health Claims &#8211; gesundheitsbezogene AussagenVitamin B12 tr\u00e4gt zu einem normalen Energiestoffwechsel und zu einer normalen Funktion des Nervensystems bei<\/p>\n","protected":false},"featured_media":23753,"template":"","meta":{"_acf_changed":false},"product_brand":[],"product_cat":[322],"product_tag":[],"class_list":{"0":"post-23751","1":"product","2":"type-product","3":"status-publish","4":"has-post-thumbnail","6":"product_cat-f","7":"pa_packungsgroesse-60-stueck","9":"first","10":"instock","11":"shipping-taxable","12":"purchasable","13":"product-type-simple"},"acf":[],"_links":{"self":[{"href":"https:\/\/www.hirtenberg-apotheke.at\/katalog\/wp-json\/wp\/v2\/product\/23751","targetHints":{"allow":["GET"]}}],"collection":[{"href":"https:\/\/www.hirtenberg-apotheke.at\/katalog\/wp-json\/wp\/v2\/product"}],"about":[{"href":"https:\/\/www.hirtenberg-apotheke.at\/katalog\/wp-json\/wp\/v2\/types\/product"}],"wp:featuredmedia":[{"embeddable":true,"href":"https:\/\/www.hirtenberg-apotheke.at\/katalog\/wp-json\/wp\/v2\/media\/23753"}],"wp:attachment":[{"href":"https:\/\/www.hirtenberg-apotheke.at\/katalog\/wp-json\/wp\/v2\/media?parent=23751"}],"wp:term":[{"taxonomy":"product_brand","embeddable":true,"href":"https:\/\/www.hirtenberg-apotheke.at\/katalog\/wp-json\/wp\/v2\/product_brand?post=23751"},{"taxonomy":"product_cat","embeddable":true,"href":"https:\/\/www.hirtenberg-apotheke.at\/katalog\/wp-json\/wp\/v2\/product_cat?post=23751"},{"taxonomy":"product_tag","embeddable":true,"href":"https:\/\/www.hirtenberg-apotheke.at\/katalog\/wp-json\/wp\/v2\/product_tag?post=23751"}],"curies":[{"name":"wp","href":"https:\/\/api.w.org\/{rel}","templated":true}]}}