{"id":23762,"date":"2025-11-25T19:30:05","date_gmt":"2025-11-25T18:30:05","guid":{"rendered":"https:\/\/www.hirtenberg-apotheke.at\/katalog\/produkt\/renacet-filmtabletten-forte-950-mg-100-stk\/"},"modified":"2025-11-25T19:30:17","modified_gmt":"2025-11-25T18:30:17","slug":"renacet-filmtabletten-forte-950-mg-100-stk","status":"publish","type":"product","link":"https:\/\/www.hirtenberg-apotheke.at\/katalog\/produkt\/renacet-filmtabletten-forte-950-mg-100-stk\/","title":{"rendered":"Renacet Filmtabletten forte 950 mg 100 Stk."},"content":{"rendered":"<p>Renacet Filmtabletten forte 950 mg sind eine Nahrungserg\u00e4nzung zum Ausgleich von ern\u00e4hrungsbedingtem Calciummangel. Die Tabletten sind insbesondere geeignet als Phosphatbinder f\u00fcr Personen mit einer eingeschr\u00e4nkter Nierenfunktion.<\/p>\n","protected":false},"excerpt":{"rendered":"<p>Renacet Filmtabletten forte 950 mg sind eine Nahrungserg\u00e4nzung zum Ausgleich von ern\u00e4hrungsbedingtem Calciummangel. Die Tabletten sind insbesondere geeignet als Phosphatbinder f\u00fcr Personen mit einer eingeschr\u00e4nkter Nierenfunktion.<\/p>\n","protected":false},"featured_media":0,"template":"","meta":{"_acf_changed":false},"product_brand":[],"product_cat":[311],"product_tag":[],"class_list":{"0":"post-23762","1":"product","2":"type-product","3":"status-publish","5":"product_cat-r","6":"pa_packungsgroesse-100-stueck","8":"first","9":"instock","10":"shipping-taxable","11":"purchasable","12":"product-type-simple"},"acf":[],"_links":{"self":[{"href":"https:\/\/www.hirtenberg-apotheke.at\/katalog\/wp-json\/wp\/v2\/product\/23762","targetHints":{"allow":["GET"]}}],"collection":[{"href":"https:\/\/www.hirtenberg-apotheke.at\/katalog\/wp-json\/wp\/v2\/product"}],"about":[{"href":"https:\/\/www.hirtenberg-apotheke.at\/katalog\/wp-json\/wp\/v2\/types\/product"}],"wp:attachment":[{"href":"https:\/\/www.hirtenberg-apotheke.at\/katalog\/wp-json\/wp\/v2\/media?parent=23762"}],"wp:term":[{"taxonomy":"product_brand","embeddable":true,"href":"https:\/\/www.hirtenberg-apotheke.at\/katalog\/wp-json\/wp\/v2\/product_brand?post=23762"},{"taxonomy":"product_cat","embeddable":true,"href":"https:\/\/www.hirtenberg-apotheke.at\/katalog\/wp-json\/wp\/v2\/product_cat?post=23762"},{"taxonomy":"product_tag","embeddable":true,"href":"https:\/\/www.hirtenberg-apotheke.at\/katalog\/wp-json\/wp\/v2\/product_tag?post=23762"}],"curies":[{"name":"wp","href":"https:\/\/api.w.org\/{rel}","templated":true}]}}