{"id":23791,"date":"2025-11-25T19:30:24","date_gmt":"2025-11-25T18:30:24","guid":{"rendered":"https:\/\/www.hirtenberg-apotheke.at\/katalog\/produkt\/imodium-akut-2-mg-schmelztabletten-20-stk\/"},"modified":"2025-11-25T19:30:46","modified_gmt":"2025-11-25T18:30:46","slug":"imodium-akut-2-mg-schmelztabletten-20-stk","status":"publish","type":"product","link":"https:\/\/www.hirtenberg-apotheke.at\/katalog\/produkt\/imodium-akut-2-mg-schmelztabletten-20-stk\/","title":{"rendered":"Imodium akut 2 mg Schmelztabletten 20 Stk."},"content":{"rendered":"<p>Imodium wird zur symptomatischen Behandlung von akuten Durchf\u00e4llen f\u00fcr Jugendliche ab 12 Jahren und Erwachsene verwendet, sofern keine urs\u00e4chliche Therapie zur Verf\u00fcgung steht.<\/p>\n","protected":false},"excerpt":{"rendered":"<p>Imodium wird zur symptomatischen Behandlung von akuten Durchf\u00e4llen f\u00fcr Jugendliche ab 12 Jahren und Erwachsene verwendet, sofern keine urs\u00e4chliche Therapie zur Verf\u00fcgung steht.<\/p>\n","protected":false},"featured_media":0,"template":"","meta":{"_acf_changed":false},"product_brand":[826],"product_cat":[370],"product_tag":[],"class_list":{"0":"post-23791","1":"product","2":"type-product","3":"status-publish","5":"product_brand-imodium","6":"product_cat-i","7":"pa_packungsgroesse-10-stueck","8":"pa_packungsgroesse-20-stueck","10":"first","11":"instock","12":"shipping-taxable","13":"purchasable","14":"product-type-simple"},"acf":[],"_links":{"self":[{"href":"https:\/\/www.hirtenberg-apotheke.at\/katalog\/wp-json\/wp\/v2\/product\/23791","targetHints":{"allow":["GET"]}}],"collection":[{"href":"https:\/\/www.hirtenberg-apotheke.at\/katalog\/wp-json\/wp\/v2\/product"}],"about":[{"href":"https:\/\/www.hirtenberg-apotheke.at\/katalog\/wp-json\/wp\/v2\/types\/product"}],"wp:attachment":[{"href":"https:\/\/www.hirtenberg-apotheke.at\/katalog\/wp-json\/wp\/v2\/media?parent=23791"}],"wp:term":[{"taxonomy":"product_brand","embeddable":true,"href":"https:\/\/www.hirtenberg-apotheke.at\/katalog\/wp-json\/wp\/v2\/product_brand?post=23791"},{"taxonomy":"product_cat","embeddable":true,"href":"https:\/\/www.hirtenberg-apotheke.at\/katalog\/wp-json\/wp\/v2\/product_cat?post=23791"},{"taxonomy":"product_tag","embeddable":true,"href":"https:\/\/www.hirtenberg-apotheke.at\/katalog\/wp-json\/wp\/v2\/product_tag?post=23791"}],"curies":[{"name":"wp","href":"https:\/\/api.w.org\/{rel}","templated":true}]}}