{"id":23859,"date":"2025-11-25T19:31:23","date_gmt":"2025-11-25T18:31:23","guid":{"rendered":"https:\/\/www.hirtenberg-apotheke.at\/katalog\/produkt\/lytomed-heidelbeer-elektrolyt-loesung-12-sachets\/"},"modified":"2025-11-25T19:31:36","modified_gmt":"2025-11-25T18:31:36","slug":"lytomed-heidelbeer-elektrolyt-loesung-12-sachets","status":"publish","type":"product","link":"https:\/\/www.hirtenberg-apotheke.at\/katalog\/produkt\/lytomed-heidelbeer-elektrolyt-loesung-12-sachets\/","title":{"rendered":"Lytomed Heidelbeer- Elektrolyt-L\u00f6sung 12 Sachets"},"content":{"rendered":"<p>Lytomed Heidelbeer- Elektrolyt-L\u00f6sung ist eine orale Mineralstoff- und Fl\u00fcssigkeitserg\u00e4nzung mit Heidelbeerextrakt zur di\u00e4tetischen Behandlung von akuten Durchfallerkrankungen. F\u00fcr Kinder und Erwachsene gleicherma\u00dfen geeignet.<\/p>\n","protected":false},"excerpt":{"rendered":"<p>Lytomed Heidelbeer- Elektrolyt-L\u00f6sung ist eine orale Mineralstoff- und Fl\u00fcssigkeitserg\u00e4nzung mit Heidelbeerextrakt zur di\u00e4tetischen Behandlung von akuten Durchfallerkrankungen. F\u00fcr Kinder und Erwachsene gleicherma\u00dfen geeignet.<\/p>\n","protected":false},"featured_media":23861,"template":"","meta":{"_acf_changed":false},"product_brand":[],"product_cat":[317],"product_tag":[],"class_list":{"0":"post-23859","1":"product","2":"type-product","3":"status-publish","4":"has-post-thumbnail","6":"product_cat-l","7":"pa_packungsgroesse-12-stueck","9":"first","10":"instock","11":"shipping-taxable","12":"purchasable","13":"product-type-simple"},"acf":[],"_links":{"self":[{"href":"https:\/\/www.hirtenberg-apotheke.at\/katalog\/wp-json\/wp\/v2\/product\/23859","targetHints":{"allow":["GET"]}}],"collection":[{"href":"https:\/\/www.hirtenberg-apotheke.at\/katalog\/wp-json\/wp\/v2\/product"}],"about":[{"href":"https:\/\/www.hirtenberg-apotheke.at\/katalog\/wp-json\/wp\/v2\/types\/product"}],"wp:featuredmedia":[{"embeddable":true,"href":"https:\/\/www.hirtenberg-apotheke.at\/katalog\/wp-json\/wp\/v2\/media\/23861"}],"wp:attachment":[{"href":"https:\/\/www.hirtenberg-apotheke.at\/katalog\/wp-json\/wp\/v2\/media?parent=23859"}],"wp:term":[{"taxonomy":"product_brand","embeddable":true,"href":"https:\/\/www.hirtenberg-apotheke.at\/katalog\/wp-json\/wp\/v2\/product_brand?post=23859"},{"taxonomy":"product_cat","embeddable":true,"href":"https:\/\/www.hirtenberg-apotheke.at\/katalog\/wp-json\/wp\/v2\/product_cat?post=23859"},{"taxonomy":"product_tag","embeddable":true,"href":"https:\/\/www.hirtenberg-apotheke.at\/katalog\/wp-json\/wp\/v2\/product_tag?post=23859"}],"curies":[{"name":"wp","href":"https:\/\/api.w.org\/{rel}","templated":true}]}}