{"id":23894,"date":"2025-11-25T19:31:51","date_gmt":"2025-11-25T18:31:51","guid":{"rendered":"https:\/\/www.hirtenberg-apotheke.at\/katalog\/produkt\/nicapur-nicalact-biotik-kapseln-20-stk\/"},"modified":"2025-11-25T19:33:24","modified_gmt":"2025-11-25T18:33:24","slug":"nicapur-nicalact-biotik-kapseln-20-stk","status":"publish","type":"product","link":"https:\/\/www.hirtenberg-apotheke.at\/katalog\/produkt\/nicapur-nicalact-biotik-kapseln-20-stk\/","title":{"rendered":"Nicapur NicaLact Biotik Kapseln 20 Stk."},"content":{"rendered":"<p>Nicalat Probiotic Kapseln sind ein Nahrungserg\u00e4nzungsmittel von Nicapur mit 10 probiotischen Bakterienst\u00e4mmen in hoher Konzentration und Inulin aus der Zichorienwurzel. Ein Multistamm-Pr\u00e4parat mit 10 definierten Bakterienst\u00e4mmen, mit 6 Milliarden KBE (koloniebildenden Einheiten) pro Tagesdosis.<\/p>\n","protected":false},"excerpt":{"rendered":"<p>Nicalat Probiotic Kapseln sind ein Nahrungserg\u00e4nzungsmittel von Nicapur mit 10 probiotischen Bakterienst\u00e4mmen in hoher Konzentration und Inulin aus der Zichorienwurzel. Ein Multistamm-Pr\u00e4parat mit 10 definierten Bakterienst\u00e4mmen, mit 6 Milliarden KBE (koloniebildenden Einheiten) pro Tagesdosis.<\/p>\n","protected":false},"featured_media":23896,"template":"","meta":{"_acf_changed":false},"product_brand":[309],"product_cat":[310],"product_tag":[],"class_list":{"0":"post-23894","1":"product","2":"type-product","3":"status-publish","4":"has-post-thumbnail","6":"product_brand-nicapur","7":"product_cat-n","8":"pa_packungsgroesse-20-stueck","9":"pa_packungsgroesse-90-stueck","11":"first","12":"instock","13":"shipping-taxable","14":"purchasable","15":"product-type-simple"},"acf":[],"_links":{"self":[{"href":"https:\/\/www.hirtenberg-apotheke.at\/katalog\/wp-json\/wp\/v2\/product\/23894","targetHints":{"allow":["GET"]}}],"collection":[{"href":"https:\/\/www.hirtenberg-apotheke.at\/katalog\/wp-json\/wp\/v2\/product"}],"about":[{"href":"https:\/\/www.hirtenberg-apotheke.at\/katalog\/wp-json\/wp\/v2\/types\/product"}],"wp:featuredmedia":[{"embeddable":true,"href":"https:\/\/www.hirtenberg-apotheke.at\/katalog\/wp-json\/wp\/v2\/media\/23896"}],"wp:attachment":[{"href":"https:\/\/www.hirtenberg-apotheke.at\/katalog\/wp-json\/wp\/v2\/media?parent=23894"}],"wp:term":[{"taxonomy":"product_brand","embeddable":true,"href":"https:\/\/www.hirtenberg-apotheke.at\/katalog\/wp-json\/wp\/v2\/product_brand?post=23894"},{"taxonomy":"product_cat","embeddable":true,"href":"https:\/\/www.hirtenberg-apotheke.at\/katalog\/wp-json\/wp\/v2\/product_cat?post=23894"},{"taxonomy":"product_tag","embeddable":true,"href":"https:\/\/www.hirtenberg-apotheke.at\/katalog\/wp-json\/wp\/v2\/product_tag?post=23894"}],"curies":[{"name":"wp","href":"https:\/\/api.w.org\/{rel}","templated":true}]}}