{"id":24069,"date":"2025-11-25T19:34:07","date_gmt":"2025-11-25T18:34:07","guid":{"rendered":"https:\/\/www.hirtenberg-apotheke.at\/katalog\/produkt\/lactibian-referenz-10m-30-stk\/"},"modified":"2025-11-25T19:34:33","modified_gmt":"2025-11-25T18:34:33","slug":"lactibian-referenz-10m-30-stk","status":"publish","type":"product","link":"https:\/\/www.hirtenberg-apotheke.at\/katalog\/produkt\/lactibian-referenz-10m-30-stk\/","title":{"rendered":"LACTIBIAN Referenz 10M 30 Stk."},"content":{"rendered":"<p>Lactibian Referenz 10M ist ein Nahrungserg\u00e4nzungsmittel auf der Basis von Milchs\u00e4urebakterien, welches zur St\u00e4rkung der Darmflora beitr\u00e4gt. Diese Kapseln enthalten Milchs\u00e4urebakterien, die in der Lage sind, die Darmflora zu f\u00f6rdern und auf diese Weise die Gesundheit zu erhalten.<\/p>\n","protected":false},"excerpt":{"rendered":"<p>Lactibian Referenz 10M ist ein Nahrungserg\u00e4nzungsmittel auf der Basis von Milchs\u00e4urebakterien, welches zur St\u00e4rkung der Darmflora beitr\u00e4gt. Diese Kapseln enthalten Milchs\u00e4urebakterien, die in der Lage sind, die Darmflora zu f\u00f6rdern und auf diese Weise die Gesundheit zu erhalten.<\/p>\n","protected":false},"featured_media":24071,"template":"","meta":{"_acf_changed":false},"product_brand":[],"product_cat":[317],"product_tag":[],"class_list":{"0":"post-24069","1":"product","2":"type-product","3":"status-publish","4":"has-post-thumbnail","6":"product_cat-l","7":"pa_packungsgroesse-30-stueck","9":"first","10":"instock","11":"shipping-taxable","12":"purchasable","13":"product-type-simple"},"acf":[],"_links":{"self":[{"href":"https:\/\/www.hirtenberg-apotheke.at\/katalog\/wp-json\/wp\/v2\/product\/24069","targetHints":{"allow":["GET"]}}],"collection":[{"href":"https:\/\/www.hirtenberg-apotheke.at\/katalog\/wp-json\/wp\/v2\/product"}],"about":[{"href":"https:\/\/www.hirtenberg-apotheke.at\/katalog\/wp-json\/wp\/v2\/types\/product"}],"wp:featuredmedia":[{"embeddable":true,"href":"https:\/\/www.hirtenberg-apotheke.at\/katalog\/wp-json\/wp\/v2\/media\/24071"}],"wp:attachment":[{"href":"https:\/\/www.hirtenberg-apotheke.at\/katalog\/wp-json\/wp\/v2\/media?parent=24069"}],"wp:term":[{"taxonomy":"product_brand","embeddable":true,"href":"https:\/\/www.hirtenberg-apotheke.at\/katalog\/wp-json\/wp\/v2\/product_brand?post=24069"},{"taxonomy":"product_cat","embeddable":true,"href":"https:\/\/www.hirtenberg-apotheke.at\/katalog\/wp-json\/wp\/v2\/product_cat?post=24069"},{"taxonomy":"product_tag","embeddable":true,"href":"https:\/\/www.hirtenberg-apotheke.at\/katalog\/wp-json\/wp\/v2\/product_tag?post=24069"}],"curies":[{"name":"wp","href":"https:\/\/api.w.org\/{rel}","templated":true}]}}