{"id":24078,"date":"2025-11-25T19:34:07","date_gmt":"2025-11-25T18:34:07","guid":{"rendered":"https:\/\/www.hirtenberg-apotheke.at\/katalog\/produkt\/omni-logic-450-g-immun\/"},"modified":"2025-11-25T19:34:37","modified_gmt":"2025-11-25T18:34:37","slug":"omni-logic-450-g-immun","status":"publish","type":"product","link":"https:\/\/www.hirtenberg-apotheke.at\/katalog\/produkt\/omni-logic-450-g-immun\/","title":{"rendered":"OMNI-LOGIC 450 g Immun"},"content":{"rendered":"<p>OMNI-LOGIC Immun ist ein Nahrungserg\u00e4nzungsmittel mit probiotischen Bakterien. Das Pulver enth\u00e4lt wichtige probiotische Bakterienkulturen und unterst\u00fctzt zudem die nat\u00fcrliche Funktion Ihres Darmes.<\/p>\n","protected":false},"excerpt":{"rendered":"<p>OMNI-LOGIC Immun ist ein Nahrungserg\u00e4nzungsmittel mit probiotischen Bakterien. Das Pulver enth\u00e4lt wichtige probiotische Bakterienkulturen und unterst\u00fctzt zudem die nat\u00fcrliche Funktion Ihres Darmes.<\/p>\n","protected":false},"featured_media":24080,"template":"","meta":{"_acf_changed":false},"product_brand":[],"product_cat":[349],"product_tag":[],"class_list":{"0":"post-24078","1":"product","2":"type-product","3":"status-publish","4":"has-post-thumbnail","6":"product_cat-o","7":"pa_packungsgroesse-450g","9":"first","10":"instock","11":"shipping-taxable","12":"purchasable","13":"product-type-simple"},"acf":[],"_links":{"self":[{"href":"https:\/\/www.hirtenberg-apotheke.at\/katalog\/wp-json\/wp\/v2\/product\/24078","targetHints":{"allow":["GET"]}}],"collection":[{"href":"https:\/\/www.hirtenberg-apotheke.at\/katalog\/wp-json\/wp\/v2\/product"}],"about":[{"href":"https:\/\/www.hirtenberg-apotheke.at\/katalog\/wp-json\/wp\/v2\/types\/product"}],"wp:featuredmedia":[{"embeddable":true,"href":"https:\/\/www.hirtenberg-apotheke.at\/katalog\/wp-json\/wp\/v2\/media\/24080"}],"wp:attachment":[{"href":"https:\/\/www.hirtenberg-apotheke.at\/katalog\/wp-json\/wp\/v2\/media?parent=24078"}],"wp:term":[{"taxonomy":"product_brand","embeddable":true,"href":"https:\/\/www.hirtenberg-apotheke.at\/katalog\/wp-json\/wp\/v2\/product_brand?post=24078"},{"taxonomy":"product_cat","embeddable":true,"href":"https:\/\/www.hirtenberg-apotheke.at\/katalog\/wp-json\/wp\/v2\/product_cat?post=24078"},{"taxonomy":"product_tag","embeddable":true,"href":"https:\/\/www.hirtenberg-apotheke.at\/katalog\/wp-json\/wp\/v2\/product_tag?post=24078"}],"curies":[{"name":"wp","href":"https:\/\/api.w.org\/{rel}","templated":true}]}}