{"id":24162,"date":"2025-11-25T19:35:08","date_gmt":"2025-11-25T18:35:08","guid":{"rendered":"https:\/\/www.hirtenberg-apotheke.at\/katalog\/produkt\/lactostop-tabletten-40-stk-14-000-fcc\/"},"modified":"2025-11-25T19:35:40","modified_gmt":"2025-11-25T18:35:40","slug":"lactostop-tabletten-40-stk-14-000-fcc","status":"publish","type":"product","link":"https:\/\/www.hirtenberg-apotheke.at\/katalog\/produkt\/lactostop-tabletten-40-stk-14-000-fcc\/","title":{"rendered":"Lactostop Tabletten 40 Stk. 14.000 Fcc"},"content":{"rendered":"<p>Lactostop Tabletten sind das Mittel Ihrer Wahl bei Lactoseintoleranz, da die Einnahme dieser Tabletten den Genuss von Milchprodukten erm\u00f6glicht. Die Tabletten sind f\u00fcr Kinder und Schwangere gleicherma\u00dfen geeignet.<\/p>\n","protected":false},"excerpt":{"rendered":"<p>Lactostop Tabletten sind das Mittel Ihrer Wahl bei Lactoseintoleranz, da die Einnahme dieser Tabletten den Genuss von Milchprodukten erm\u00f6glicht. Die Tabletten sind f\u00fcr Kinder und Schwangere gleicherma\u00dfen geeignet.<\/p>\n","protected":false},"featured_media":24164,"template":"","meta":{"_acf_changed":false},"product_brand":[],"product_cat":[317],"product_tag":[],"class_list":{"0":"post-24162","1":"product","2":"type-product","3":"status-publish","4":"has-post-thumbnail","6":"product_cat-l","7":"pa_packungsgroesse-40-stueck","9":"first","10":"instock","11":"shipping-taxable","12":"purchasable","13":"product-type-simple"},"acf":[],"_links":{"self":[{"href":"https:\/\/www.hirtenberg-apotheke.at\/katalog\/wp-json\/wp\/v2\/product\/24162","targetHints":{"allow":["GET"]}}],"collection":[{"href":"https:\/\/www.hirtenberg-apotheke.at\/katalog\/wp-json\/wp\/v2\/product"}],"about":[{"href":"https:\/\/www.hirtenberg-apotheke.at\/katalog\/wp-json\/wp\/v2\/types\/product"}],"wp:featuredmedia":[{"embeddable":true,"href":"https:\/\/www.hirtenberg-apotheke.at\/katalog\/wp-json\/wp\/v2\/media\/24164"}],"wp:attachment":[{"href":"https:\/\/www.hirtenberg-apotheke.at\/katalog\/wp-json\/wp\/v2\/media?parent=24162"}],"wp:term":[{"taxonomy":"product_brand","embeddable":true,"href":"https:\/\/www.hirtenberg-apotheke.at\/katalog\/wp-json\/wp\/v2\/product_brand?post=24162"},{"taxonomy":"product_cat","embeddable":true,"href":"https:\/\/www.hirtenberg-apotheke.at\/katalog\/wp-json\/wp\/v2\/product_cat?post=24162"},{"taxonomy":"product_tag","embeddable":true,"href":"https:\/\/www.hirtenberg-apotheke.at\/katalog\/wp-json\/wp\/v2\/product_tag?post=24162"}],"curies":[{"name":"wp","href":"https:\/\/api.w.org\/{rel}","templated":true}]}}