{"id":24213,"date":"2025-11-25T19:35:44","date_gmt":"2025-11-25T18:35:44","guid":{"rendered":"https:\/\/www.hirtenberg-apotheke.at\/katalog\/produkt\/verdauungs-komplex-tabletten-30-stk\/"},"modified":"2025-11-25T19:36:12","modified_gmt":"2025-11-25T18:36:12","slug":"verdauungs-komplex-tabletten-30-stk","status":"publish","type":"product","link":"https:\/\/www.hirtenberg-apotheke.at\/katalog\/produkt\/verdauungs-komplex-tabletten-30-stk\/","title":{"rendered":"Verdauungs Komplex Tabletten 30 Stk."},"content":{"rendered":"<p>Verdauungs Komplex Tabletten enthalten nat\u00fcrliche, hochreine, standardisierte Mikron\u00e4hrstoffe und unterst\u00fctzeb bei Verdauungsproblemen wie Verstopfung, Bl\u00e4hungen oder V\u00f6llegef\u00fchl. Die Tabletten wirken krampfl\u00f6send und erh\u00f6hen den Gallenfluss, weshalb sie als nat\u00fcrliches und zuverl\u00e4ssiges Mittel bei Verdauungsproblemen eingesetzt werden.<\/p>\n","protected":false},"excerpt":{"rendered":"<p>Verdauungs Komplex Tabletten enthalten nat\u00fcrliche, hochreine, standardisierte Mikron\u00e4hrstoffe und unterst\u00fctzeb bei Verdauungsproblemen wie Verstopfung, Bl\u00e4hungen oder V\u00f6llegef\u00fchl. Die Tabletten wirken krampfl\u00f6send und erh\u00f6hen den Gallenfluss, weshalb sie als nat\u00fcrliches und zuverl\u00e4ssiges Mittel bei Verdauungsproblemen eingesetzt werden.<\/p>\n","protected":false},"featured_media":24215,"template":"","meta":{"_acf_changed":false},"product_brand":[],"product_cat":[300],"product_tag":[],"class_list":{"0":"post-24213","1":"product","2":"type-product","3":"status-publish","4":"has-post-thumbnail","6":"product_cat-v","7":"pa_farbe-braun","8":"pa_packungsgroesse-30-stueck","10":"first","11":"instock","12":"shipping-taxable","13":"purchasable","14":"product-type-simple"},"acf":[],"_links":{"self":[{"href":"https:\/\/www.hirtenberg-apotheke.at\/katalog\/wp-json\/wp\/v2\/product\/24213","targetHints":{"allow":["GET"]}}],"collection":[{"href":"https:\/\/www.hirtenberg-apotheke.at\/katalog\/wp-json\/wp\/v2\/product"}],"about":[{"href":"https:\/\/www.hirtenberg-apotheke.at\/katalog\/wp-json\/wp\/v2\/types\/product"}],"wp:featuredmedia":[{"embeddable":true,"href":"https:\/\/www.hirtenberg-apotheke.at\/katalog\/wp-json\/wp\/v2\/media\/24215"}],"wp:attachment":[{"href":"https:\/\/www.hirtenberg-apotheke.at\/katalog\/wp-json\/wp\/v2\/media?parent=24213"}],"wp:term":[{"taxonomy":"product_brand","embeddable":true,"href":"https:\/\/www.hirtenberg-apotheke.at\/katalog\/wp-json\/wp\/v2\/product_brand?post=24213"},{"taxonomy":"product_cat","embeddable":true,"href":"https:\/\/www.hirtenberg-apotheke.at\/katalog\/wp-json\/wp\/v2\/product_cat?post=24213"},{"taxonomy":"product_tag","embeddable":true,"href":"https:\/\/www.hirtenberg-apotheke.at\/katalog\/wp-json\/wp\/v2\/product_tag?post=24213"}],"curies":[{"name":"wp","href":"https:\/\/api.w.org\/{rel}","templated":true}]}}