{"id":24287,"date":"2025-11-25T19:37:08","date_gmt":"2025-11-25T18:37:08","guid":{"rendered":"https:\/\/www.hirtenberg-apotheke.at\/katalog\/produkt\/methionin-500mg-kapseln\/"},"modified":"2025-11-25T19:37:23","modified_gmt":"2025-11-25T18:37:23","slug":"methionin-500mg-kapseln","status":"publish","type":"product","link":"https:\/\/www.hirtenberg-apotheke.at\/katalog\/produkt\/methionin-500mg-kapseln\/","title":{"rendered":"Methionin 500mg Kapseln"},"content":{"rendered":"<p>Gall Pharma Methionin 500 mg Kapseln 60 Stk. enthalten 500 mg L-Methionin in einer Hartgelatinekapsel. L-Methionin ist der Ausgangspunkt f\u00fcr jeglichen Eiwei\u00dfaufbau und hat eine besondere Bedeutung f\u00fcr den Fettstoffwechsel, da sie der Einlagerung von Fetten in die Blutgef\u00e4\u00dfe und in die Leber entgegenwirkt. Die Entfernung von Schwermetallen aus dem Organismus wird unterst\u00fctzt und als Antioxidans sch\u00fctzt  L-Methionin vor freien Radikalen, entgiftet die Leber und beugt der Bildung einer Fettleber vor<\/p>\n","protected":false},"excerpt":{"rendered":"<p>Gall Pharma Methionin 500 mg Kapseln 60 Stk. enthalten 500 mg L-Methionin in einer Hartgelatinekapsel. L-Methionin ist der Ausgangspunkt f\u00fcr jeglichen Eiwei\u00dfaufbau und hat eine besondere Bedeutung f\u00fcr den Fettstoffwechsel, da sie der Einlagerung von Fetten in die Blutgef\u00e4\u00dfe und in die Leber entgegenwirkt. Die Entfernung von Schwermetallen aus dem Organismus wird unterst\u00fctzt und als [&hellip;]<\/p>\n","protected":false},"featured_media":24289,"template":"","meta":{"_acf_changed":false},"product_brand":[316],"product_cat":[308],"product_tag":[],"class_list":{"0":"post-24287","1":"product","2":"type-product","3":"status-publish","4":"has-post-thumbnail","6":"product_brand-gall-pharma","7":"product_cat-m","8":"pa_packungsgroesse-60-stueck","10":"first","11":"instock","12":"shipping-taxable","13":"purchasable","14":"product-type-simple"},"acf":[],"_links":{"self":[{"href":"https:\/\/www.hirtenberg-apotheke.at\/katalog\/wp-json\/wp\/v2\/product\/24287","targetHints":{"allow":["GET"]}}],"collection":[{"href":"https:\/\/www.hirtenberg-apotheke.at\/katalog\/wp-json\/wp\/v2\/product"}],"about":[{"href":"https:\/\/www.hirtenberg-apotheke.at\/katalog\/wp-json\/wp\/v2\/types\/product"}],"wp:featuredmedia":[{"embeddable":true,"href":"https:\/\/www.hirtenberg-apotheke.at\/katalog\/wp-json\/wp\/v2\/media\/24289"}],"wp:attachment":[{"href":"https:\/\/www.hirtenberg-apotheke.at\/katalog\/wp-json\/wp\/v2\/media?parent=24287"}],"wp:term":[{"taxonomy":"product_brand","embeddable":true,"href":"https:\/\/www.hirtenberg-apotheke.at\/katalog\/wp-json\/wp\/v2\/product_brand?post=24287"},{"taxonomy":"product_cat","embeddable":true,"href":"https:\/\/www.hirtenberg-apotheke.at\/katalog\/wp-json\/wp\/v2\/product_cat?post=24287"},{"taxonomy":"product_tag","embeddable":true,"href":"https:\/\/www.hirtenberg-apotheke.at\/katalog\/wp-json\/wp\/v2\/product_tag?post=24287"}],"curies":[{"name":"wp","href":"https:\/\/api.w.org\/{rel}","templated":true}]}}