{"id":24346,"date":"2025-11-25T19:37:52","date_gmt":"2025-11-25T18:37:52","guid":{"rendered":"https:\/\/www.hirtenberg-apotheke.at\/katalog\/produkt\/gerstengras-bio-pulver-5-jahreszeiten-100-g\/"},"modified":"2025-11-25T19:38:05","modified_gmt":"2025-11-25T18:38:05","slug":"gerstengras-bio-pulver-5-jahreszeiten-100-g","status":"publish","type":"product","link":"https:\/\/www.hirtenberg-apotheke.at\/katalog\/produkt\/gerstengras-bio-pulver-5-jahreszeiten-100-g\/","title":{"rendered":"Gerstengras Bio Pulver 5 Jahreszeiten 100 g"},"content":{"rendered":"<p>Gerstengras Bio Pulver 5 Jahreszeiten z\u00e4hlt unbestritten zu den vitalstoffreichsten Lebensmitteln, die es auf diesem Planeten gibt. Es beinhaltet beinahe alle lebenswichtigen N\u00e4hr- und Vitalstoffe, welche notwendig sind, um den K\u00f6rper optimal funktionieren zu lassen und viele Krankheiten vorzubeugen, die durch Fehl- und Mangelern\u00e4hrung bedingt sind.<\/p>\n","protected":false},"excerpt":{"rendered":"<p>Gerstengras Bio Pulver 5 Jahreszeiten z\u00e4hlt unbestritten zu den vitalstoffreichsten Lebensmitteln, die es auf diesem Planeten gibt. Es beinhaltet beinahe alle lebenswichtigen N\u00e4hr- und Vitalstoffe, welche notwendig sind, um den K\u00f6rper optimal funktionieren zu lassen und viele Krankheiten vorzubeugen, die durch Fehl- und Mangelern\u00e4hrung bedingt sind.<\/p>\n","protected":false},"featured_media":0,"template":"","meta":{"_acf_changed":false},"product_brand":[],"product_cat":[328],"product_tag":[],"class_list":{"0":"post-24346","1":"product","2":"type-product","3":"status-publish","5":"product_cat-g","6":"pa_packungsgroesse-100g","8":"first","9":"instock","10":"shipping-taxable","11":"purchasable","12":"product-type-simple"},"acf":[],"_links":{"self":[{"href":"https:\/\/www.hirtenberg-apotheke.at\/katalog\/wp-json\/wp\/v2\/product\/24346","targetHints":{"allow":["GET"]}}],"collection":[{"href":"https:\/\/www.hirtenberg-apotheke.at\/katalog\/wp-json\/wp\/v2\/product"}],"about":[{"href":"https:\/\/www.hirtenberg-apotheke.at\/katalog\/wp-json\/wp\/v2\/types\/product"}],"wp:attachment":[{"href":"https:\/\/www.hirtenberg-apotheke.at\/katalog\/wp-json\/wp\/v2\/media?parent=24346"}],"wp:term":[{"taxonomy":"product_brand","embeddable":true,"href":"https:\/\/www.hirtenberg-apotheke.at\/katalog\/wp-json\/wp\/v2\/product_brand?post=24346"},{"taxonomy":"product_cat","embeddable":true,"href":"https:\/\/www.hirtenberg-apotheke.at\/katalog\/wp-json\/wp\/v2\/product_cat?post=24346"},{"taxonomy":"product_tag","embeddable":true,"href":"https:\/\/www.hirtenberg-apotheke.at\/katalog\/wp-json\/wp\/v2\/product_tag?post=24346"}],"curies":[{"name":"wp","href":"https:\/\/api.w.org\/{rel}","templated":true}]}}