{"id":24380,"date":"2025-11-25T19:38:21","date_gmt":"2025-11-25T18:38:21","guid":{"rendered":"https:\/\/www.hirtenberg-apotheke.at\/katalog\/produkt\/life-light-yucca-plus-kapseln-60-stk\/"},"modified":"2025-11-25T19:38:29","modified_gmt":"2025-11-25T18:38:29","slug":"life-light-yucca-plus-kapseln-60-stk","status":"publish","type":"product","link":"https:\/\/www.hirtenberg-apotheke.at\/katalog\/produkt\/life-light-yucca-plus-kapseln-60-stk\/","title":{"rendered":"Life Light Yucca Plus Kapseln 60 Stk."},"content":{"rendered":"<p>Yucca Plus + Gerstengras Kapseln sind ein hochwertiger pflanzlicher N\u00e4hrstoffkomplex mit einer Kombination aus Yucca und Gerstengras. Die Yucca dient zur Regulation des S\u00e4ure-Basen-Haushalts und bewirkt au\u00dferdem die nat\u00fcrliche Regulierung der gesamten Verdauungst\u00e4tigkeit und den Aufbau einer gesunden physiologischen Darmschleimhaut und Darmflora.<\/p>\n","protected":false},"excerpt":{"rendered":"<p>Yucca Plus + Gerstengras Kapseln sind ein hochwertiger pflanzlicher N\u00e4hrstoffkomplex mit einer Kombination aus Yucca und Gerstengras. Die Yucca dient zur Regulation des S\u00e4ure-Basen-Haushalts und bewirkt au\u00dferdem die nat\u00fcrliche Regulierung der gesamten Verdauungst\u00e4tigkeit und den Aufbau einer gesunden physiologischen Darmschleimhaut und Darmflora.<\/p>\n","protected":false},"featured_media":24382,"template":"","meta":{"_acf_changed":false},"product_brand":[],"product_cat":[317],"product_tag":[],"class_list":{"0":"post-24380","1":"product","2":"type-product","3":"status-publish","4":"has-post-thumbnail","6":"product_cat-l","7":"pa_packungsgroesse-60-stueck","9":"first","10":"instock","11":"shipping-taxable","12":"purchasable","13":"product-type-simple"},"acf":[],"_links":{"self":[{"href":"https:\/\/www.hirtenberg-apotheke.at\/katalog\/wp-json\/wp\/v2\/product\/24380","targetHints":{"allow":["GET"]}}],"collection":[{"href":"https:\/\/www.hirtenberg-apotheke.at\/katalog\/wp-json\/wp\/v2\/product"}],"about":[{"href":"https:\/\/www.hirtenberg-apotheke.at\/katalog\/wp-json\/wp\/v2\/types\/product"}],"wp:featuredmedia":[{"embeddable":true,"href":"https:\/\/www.hirtenberg-apotheke.at\/katalog\/wp-json\/wp\/v2\/media\/24382"}],"wp:attachment":[{"href":"https:\/\/www.hirtenberg-apotheke.at\/katalog\/wp-json\/wp\/v2\/media?parent=24380"}],"wp:term":[{"taxonomy":"product_brand","embeddable":true,"href":"https:\/\/www.hirtenberg-apotheke.at\/katalog\/wp-json\/wp\/v2\/product_brand?post=24380"},{"taxonomy":"product_cat","embeddable":true,"href":"https:\/\/www.hirtenberg-apotheke.at\/katalog\/wp-json\/wp\/v2\/product_cat?post=24380"},{"taxonomy":"product_tag","embeddable":true,"href":"https:\/\/www.hirtenberg-apotheke.at\/katalog\/wp-json\/wp\/v2\/product_tag?post=24380"}],"curies":[{"name":"wp","href":"https:\/\/api.w.org\/{rel}","templated":true}]}}