{"id":24412,"date":"2025-11-25T19:38:21","date_gmt":"2025-11-25T18:38:21","guid":{"rendered":"https:\/\/www.hirtenberg-apotheke.at\/katalog\/produkt\/fytomineral-colloidal-multimineral-kraeuterextrakt-tropfen-100-ml\/"},"modified":"2025-11-25T19:38:55","modified_gmt":"2025-11-25T18:38:55","slug":"fytomineral-colloidal-multimineral-kraeuterextrakt-tropfen-100-ml","status":"publish","type":"product","link":"https:\/\/www.hirtenberg-apotheke.at\/katalog\/produkt\/fytomineral-colloidal-multimineral-kraeuterextrakt-tropfen-100-ml\/","title":{"rendered":"Fytomineral Colloidal Multimineral Kr\u00e4uterextrakt Tropfen 100 ml"},"content":{"rendered":"<p>Fytomineral Colloidal Multimineral Kr\u00e4uterextrakt Tropfen enthalten eine F\u00fclle an Wirkstoffen aus vielen verschiedenen Kr\u00e4utern sowie eine Mikrobiologie, die unser Verdauungssystem auf eine physiologisch gesunde Weise anregt.<\/p>\n","protected":false},"excerpt":{"rendered":"<p>Fytomineral Colloidal Multimineral Kr\u00e4uterextrakt Tropfen enthalten eine F\u00fclle an Wirkstoffen aus vielen verschiedenen Kr\u00e4utern sowie eine Mikrobiologie, die unser Verdauungssystem auf eine physiologisch gesunde Weise anregt.<\/p>\n","protected":false},"featured_media":24414,"template":"","meta":{"_acf_changed":false},"product_brand":[],"product_cat":[322],"product_tag":[],"class_list":{"0":"post-24412","1":"product","2":"type-product","3":"status-publish","4":"has-post-thumbnail","6":"product_cat-f","7":"pa_packungsgroesse-100ml","9":"first","10":"instock","11":"shipping-taxable","12":"purchasable","13":"product-type-simple"},"acf":[],"_links":{"self":[{"href":"https:\/\/www.hirtenberg-apotheke.at\/katalog\/wp-json\/wp\/v2\/product\/24412","targetHints":{"allow":["GET"]}}],"collection":[{"href":"https:\/\/www.hirtenberg-apotheke.at\/katalog\/wp-json\/wp\/v2\/product"}],"about":[{"href":"https:\/\/www.hirtenberg-apotheke.at\/katalog\/wp-json\/wp\/v2\/types\/product"}],"wp:featuredmedia":[{"embeddable":true,"href":"https:\/\/www.hirtenberg-apotheke.at\/katalog\/wp-json\/wp\/v2\/media\/24414"}],"wp:attachment":[{"href":"https:\/\/www.hirtenberg-apotheke.at\/katalog\/wp-json\/wp\/v2\/media?parent=24412"}],"wp:term":[{"taxonomy":"product_brand","embeddable":true,"href":"https:\/\/www.hirtenberg-apotheke.at\/katalog\/wp-json\/wp\/v2\/product_brand?post=24412"},{"taxonomy":"product_cat","embeddable":true,"href":"https:\/\/www.hirtenberg-apotheke.at\/katalog\/wp-json\/wp\/v2\/product_cat?post=24412"},{"taxonomy":"product_tag","embeddable":true,"href":"https:\/\/www.hirtenberg-apotheke.at\/katalog\/wp-json\/wp\/v2\/product_tag?post=24412"}],"curies":[{"name":"wp","href":"https:\/\/api.w.org\/{rel}","templated":true}]}}