{"id":24434,"date":"2025-11-25T19:38:58","date_gmt":"2025-11-25T18:38:58","guid":{"rendered":"https:\/\/www.hirtenberg-apotheke.at\/katalog\/produkt\/topinambur-e-kapseln\/"},"modified":"2025-11-25T19:39:11","modified_gmt":"2025-11-25T18:39:11","slug":"topinambur-e-kapseln","status":"publish","type":"product","link":"https:\/\/www.hirtenberg-apotheke.at\/katalog\/produkt\/topinambur-e-kapseln\/","title":{"rendered":"Topinambur E Kapseln"},"content":{"rendered":"<p>Gall Pharma Topinambur E Kapseln sind Kapseln mit Topinambur Trockenextrakt. Eine Kapsel enth\u00e4lt 300mg dieses ballaststoffreichen Pulvers. Topinambur E Kapseln sind eine Nahrungserg\u00e4nzung zur Verringerung des Hungergef\u00fchls und zur Regeneration der Darmflora. Zudem dienen sie zur Anregung der Darmt\u00e4tigkeit.<\/p>\n","protected":false},"excerpt":{"rendered":"<p>Gall Pharma Topinambur E Kapseln sind Kapseln mit Topinambur Trockenextrakt. Eine Kapsel enth\u00e4lt 300mg dieses ballaststoffreichen Pulvers. Topinambur E Kapseln sind eine Nahrungserg\u00e4nzung zur Verringerung des Hungergef\u00fchls und zur Regeneration der Darmflora. Zudem dienen sie zur Anregung der Darmt\u00e4tigkeit.<\/p>\n","protected":false},"featured_media":0,"template":"","meta":{"_acf_changed":false},"product_brand":[316],"product_cat":[319],"product_tag":[],"class_list":{"0":"post-24434","1":"product","2":"type-product","3":"status-publish","5":"product_brand-gall-pharma","6":"product_cat-t","7":"pa_packungsgroesse-60-stueck","9":"first","10":"instock","11":"shipping-taxable","12":"purchasable","13":"product-type-simple"},"acf":[],"_links":{"self":[{"href":"https:\/\/www.hirtenberg-apotheke.at\/katalog\/wp-json\/wp\/v2\/product\/24434","targetHints":{"allow":["GET"]}}],"collection":[{"href":"https:\/\/www.hirtenberg-apotheke.at\/katalog\/wp-json\/wp\/v2\/product"}],"about":[{"href":"https:\/\/www.hirtenberg-apotheke.at\/katalog\/wp-json\/wp\/v2\/types\/product"}],"wp:attachment":[{"href":"https:\/\/www.hirtenberg-apotheke.at\/katalog\/wp-json\/wp\/v2\/media?parent=24434"}],"wp:term":[{"taxonomy":"product_brand","embeddable":true,"href":"https:\/\/www.hirtenberg-apotheke.at\/katalog\/wp-json\/wp\/v2\/product_brand?post=24434"},{"taxonomy":"product_cat","embeddable":true,"href":"https:\/\/www.hirtenberg-apotheke.at\/katalog\/wp-json\/wp\/v2\/product_cat?post=24434"},{"taxonomy":"product_tag","embeddable":true,"href":"https:\/\/www.hirtenberg-apotheke.at\/katalog\/wp-json\/wp\/v2\/product_tag?post=24434"}],"curies":[{"name":"wp","href":"https:\/\/api.w.org\/{rel}","templated":true}]}}