{"id":24485,"date":"2025-11-25T19:39:19","date_gmt":"2025-11-25T18:39:19","guid":{"rendered":"https:\/\/www.hirtenberg-apotheke.at\/katalog\/produkt\/naxxid-kautabletten-30-stk\/"},"modified":"2025-11-25T19:39:49","modified_gmt":"2025-11-25T18:39:49","slug":"naxxid-kautabletten-30-stk","status":"publish","type":"product","link":"https:\/\/www.hirtenberg-apotheke.at\/katalog\/produkt\/naxxid-kautabletten-30-stk\/","title":{"rendered":"Naxxid Kautabletten 30 Stk."},"content":{"rendered":"<p>Naxxid\u00ae Kautabletten enthalten eine Mischung verschiedener sich erg\u00e4nzender Substanzen, die in der Speiser\u00f6hre und im Magen gemeinsam wirken. Direkt nach dem Schlucken, verwandelt sich Naxxid\u00ae in ein z\u00e4hfl\u00fcssiges, leichtes Gel, welches an der Schleimhaut der brennenden Speiser\u00f6hre entlang gleitet. Sobald Naxxid\u00ae im Magen angekommen ist, neutralisiert es die Magens\u00e4ure. Bei dieser Reaktion entstehen kleine Bl\u00e4schen, die eine stabile Schicht auf dem Magensaft bilden. Dieser stabile Schaumteppich verhindert den R\u00fcckfluss von reizendem Magensaft in die empfindliche Speiser\u00f6hre. Der Reflux und das unangenehme Sodbrennen sind gestoppt.<\/p>\n","protected":false},"excerpt":{"rendered":"<p>Naxxid\u00ae Kautabletten enthalten eine Mischung verschiedener sich erg\u00e4nzender Substanzen, die in der Speiser\u00f6hre und im Magen gemeinsam wirken. Direkt nach dem Schlucken, verwandelt sich Naxxid\u00ae in ein z\u00e4hfl\u00fcssiges, leichtes Gel, welches an der Schleimhaut der brennenden Speiser\u00f6hre entlang gleitet. Sobald Naxxid\u00ae im Magen angekommen ist, neutralisiert es die Magens\u00e4ure. Bei dieser Reaktion entstehen kleine Bl\u00e4schen, [&hellip;]<\/p>\n","protected":false},"featured_media":0,"template":"","meta":{"_acf_changed":false},"product_brand":[],"product_cat":[310],"product_tag":[],"class_list":{"0":"post-24485","1":"product","2":"type-product","3":"status-publish","5":"product_cat-n","6":"pa_packungsgroesse-30-stueck","8":"first","9":"instock","10":"shipping-taxable","11":"purchasable","12":"product-type-simple"},"acf":[],"_links":{"self":[{"href":"https:\/\/www.hirtenberg-apotheke.at\/katalog\/wp-json\/wp\/v2\/product\/24485","targetHints":{"allow":["GET"]}}],"collection":[{"href":"https:\/\/www.hirtenberg-apotheke.at\/katalog\/wp-json\/wp\/v2\/product"}],"about":[{"href":"https:\/\/www.hirtenberg-apotheke.at\/katalog\/wp-json\/wp\/v2\/types\/product"}],"wp:attachment":[{"href":"https:\/\/www.hirtenberg-apotheke.at\/katalog\/wp-json\/wp\/v2\/media?parent=24485"}],"wp:term":[{"taxonomy":"product_brand","embeddable":true,"href":"https:\/\/www.hirtenberg-apotheke.at\/katalog\/wp-json\/wp\/v2\/product_brand?post=24485"},{"taxonomy":"product_cat","embeddable":true,"href":"https:\/\/www.hirtenberg-apotheke.at\/katalog\/wp-json\/wp\/v2\/product_cat?post=24485"},{"taxonomy":"product_tag","embeddable":true,"href":"https:\/\/www.hirtenberg-apotheke.at\/katalog\/wp-json\/wp\/v2\/product_tag?post=24485"}],"curies":[{"name":"wp","href":"https:\/\/api.w.org\/{rel}","templated":true}]}}