{"id":24499,"date":"2025-11-25T19:39:54","date_gmt":"2025-11-25T18:39:54","guid":{"rendered":"https:\/\/www.hirtenberg-apotheke.at\/katalog\/produkt\/helo-acid-roesch-90-stk\/"},"modified":"2025-11-25T19:40:00","modified_gmt":"2025-11-25T18:40:00","slug":"helo-acid-roesch-90-stk","status":"publish","type":"product","link":"https:\/\/www.hirtenberg-apotheke.at\/katalog\/produkt\/helo-acid-roesch-90-stk\/","title":{"rendered":"Helo-Acid R\u00f6sch 90 Stk."},"content":{"rendered":"<p>Helo-Acid sind Tabletten f\u00fcr Verdauungsst\u00f6rungen, die durch\u00a0Magensaftmangel, S\u00e4uremangel und Fermentmangel\u00a0im Magen verursacht werden.<\/p>\n<p>&#13;<\/p>\n<p>\u00a0<\/p>\n<p>&#13;<\/p>\n<p><strong>Wirkung<\/strong><\/p>\n<p>&#13;<\/p>\n<p>Helo &#8211; Acid Tabletten enthalten das proteolytische Enzym Pepsin, Fruchts\u00e4uren und Milchs\u00e4ure. Die Wirkung beruht\u00a0auf den verdauungsf\u00f6rdernden Eigenschaften\u00a0der organischen S\u00e4uren und der Verdauungskraft\u00a0des Magenferments Pepsin.<\/p>\n<p>&#13;<\/p>\n<p>Sie\u00a0erf\u00fcllen die verschiedenen\u00a0Aufgaben des nat\u00fcrlichen Magensaftes,\u00a0vor allem die Aufbereitung der Speisen und\u00a0den Schutz des Magens vor einer Keimbesiedelung\u00a0mit G\u00e4rungs- und F\u00e4ulnisbakterien.\u00a0Dar\u00fcber hinaus\u00a0kann\u00a0Helo-Acid\u00a0die mageneigene S\u00e4urebildung positiv\u00a0beeinflussen.<\/p>\n<p>&#13;<\/p>\n<p>Helo-Acid darf bei einem hypersekretorischen Reizmagen oder Pylorusstenose nicht eingenommen werden.<\/p>\n","protected":false},"excerpt":{"rendered":"<p>Helo-Acid sind Tabletten f\u00fcr Verdauungsst\u00f6rungen, die durch\u00a0Magensaftmangel, S\u00e4uremangel und Fermentmangel\u00a0im Magen verursacht werden. &#13; \u00a0 &#13; Wirkung &#13; Helo &#8211; Acid Tabletten enthalten das proteolytische Enzym Pepsin, Fruchts\u00e4uren und Milchs\u00e4ure. Die Wirkung beruht\u00a0auf den verdauungsf\u00f6rdernden Eigenschaften\u00a0der organischen S\u00e4uren und der Verdauungskraft\u00a0des Magenferments Pepsin. &#13; Sie\u00a0erf\u00fcllen die verschiedenen\u00a0Aufgaben des nat\u00fcrlichen Magensaftes,\u00a0vor allem die Aufbereitung der Speisen [&hellip;]<\/p>\n","protected":false},"featured_media":0,"template":"","meta":{"_acf_changed":false},"product_brand":[],"product_cat":[330],"product_tag":[],"class_list":{"0":"post-24499","1":"product","2":"type-product","3":"status-publish","5":"product_cat-h","6":"pa_packungsgroesse-90-stueck","8":"first","9":"instock","10":"shipping-taxable","11":"purchasable","12":"product-type-simple"},"acf":[],"_links":{"self":[{"href":"https:\/\/www.hirtenberg-apotheke.at\/katalog\/wp-json\/wp\/v2\/product\/24499","targetHints":{"allow":["GET"]}}],"collection":[{"href":"https:\/\/www.hirtenberg-apotheke.at\/katalog\/wp-json\/wp\/v2\/product"}],"about":[{"href":"https:\/\/www.hirtenberg-apotheke.at\/katalog\/wp-json\/wp\/v2\/types\/product"}],"wp:attachment":[{"href":"https:\/\/www.hirtenberg-apotheke.at\/katalog\/wp-json\/wp\/v2\/media?parent=24499"}],"wp:term":[{"taxonomy":"product_brand","embeddable":true,"href":"https:\/\/www.hirtenberg-apotheke.at\/katalog\/wp-json\/wp\/v2\/product_brand?post=24499"},{"taxonomy":"product_cat","embeddable":true,"href":"https:\/\/www.hirtenberg-apotheke.at\/katalog\/wp-json\/wp\/v2\/product_cat?post=24499"},{"taxonomy":"product_tag","embeddable":true,"href":"https:\/\/www.hirtenberg-apotheke.at\/katalog\/wp-json\/wp\/v2\/product_tag?post=24499"}],"curies":[{"name":"wp","href":"https:\/\/api.w.org\/{rel}","templated":true}]}}