{"id":24507,"date":"2025-11-25T19:39:54","date_gmt":"2025-11-25T18:39:54","guid":{"rendered":"https:\/\/www.hirtenberg-apotheke.at\/katalog\/produkt\/antiflat-kautabletten-50-stk\/"},"modified":"2025-11-25T19:40:19","modified_gmt":"2025-11-25T18:40:19","slug":"antiflat-kautabletten-50-stk","status":"publish","type":"product","link":"https:\/\/www.hirtenberg-apotheke.at\/katalog\/produkt\/antiflat-kautabletten-50-stk\/","title":{"rendered":"Antiflat Kautabletten 50 Stk."},"content":{"rendered":"<p>Antiflat Kautabletten helfen bei Beschwerden wie Bl\u00e4hungen, V\u00f6llegef\u00fchl und Spannungsgef\u00fchl im Oberbauch und schaffen ein Gef\u00fchl der Beschwerdefreiheit und Erleichterung.<\/p>\n","protected":false},"excerpt":{"rendered":"<p>Antiflat Kautabletten helfen bei Beschwerden wie Bl\u00e4hungen, V\u00f6llegef\u00fchl und Spannungsgef\u00fchl im Oberbauch und schaffen ein Gef\u00fchl der Beschwerdefreiheit und Erleichterung.<\/p>\n","protected":false},"featured_media":24509,"template":"","meta":{"_acf_changed":false},"product_brand":[],"product_cat":[299],"product_tag":[],"class_list":{"0":"post-24507","1":"product","2":"type-product","3":"status-publish","4":"has-post-thumbnail","6":"product_cat-a","7":"pa_packungsgroesse-30-stueck","8":"pa_packungsgroesse-50-stueck","10":"first","11":"instock","12":"shipping-taxable","13":"purchasable","14":"product-type-simple"},"acf":[],"_links":{"self":[{"href":"https:\/\/www.hirtenberg-apotheke.at\/katalog\/wp-json\/wp\/v2\/product\/24507","targetHints":{"allow":["GET"]}}],"collection":[{"href":"https:\/\/www.hirtenberg-apotheke.at\/katalog\/wp-json\/wp\/v2\/product"}],"about":[{"href":"https:\/\/www.hirtenberg-apotheke.at\/katalog\/wp-json\/wp\/v2\/types\/product"}],"wp:featuredmedia":[{"embeddable":true,"href":"https:\/\/www.hirtenberg-apotheke.at\/katalog\/wp-json\/wp\/v2\/media\/24509"}],"wp:attachment":[{"href":"https:\/\/www.hirtenberg-apotheke.at\/katalog\/wp-json\/wp\/v2\/media?parent=24507"}],"wp:term":[{"taxonomy":"product_brand","embeddable":true,"href":"https:\/\/www.hirtenberg-apotheke.at\/katalog\/wp-json\/wp\/v2\/product_brand?post=24507"},{"taxonomy":"product_cat","embeddable":true,"href":"https:\/\/www.hirtenberg-apotheke.at\/katalog\/wp-json\/wp\/v2\/product_cat?post=24507"},{"taxonomy":"product_tag","embeddable":true,"href":"https:\/\/www.hirtenberg-apotheke.at\/katalog\/wp-json\/wp\/v2\/product_tag?post=24507"}],"curies":[{"name":"wp","href":"https:\/\/api.w.org\/{rel}","templated":true}]}}