{"id":24523,"date":"2025-11-25T19:40:17","date_gmt":"2025-11-25T18:40:17","guid":{"rendered":"https:\/\/www.hirtenberg-apotheke.at\/katalog\/produkt\/dr-boehm-mariendistel-140-mg-kapseln-60-stk\/"},"modified":"2025-11-25T19:40:32","modified_gmt":"2025-11-25T18:40:32","slug":"dr-boehm-mariendistel-140-mg-kapseln-60-stk","status":"publish","type":"product","link":"https:\/\/www.hirtenberg-apotheke.at\/katalog\/produkt\/dr-boehm-mariendistel-140-mg-kapseln-60-stk\/","title":{"rendered":"Dr. B\u00f6hm Mariendistel 140 mg Kapseln 60 Stk."},"content":{"rendered":"<p>Dr. B\u00f6hm Mariendistel Kapseln sind ein pflanzliches Arzneimittel zur Verbesserung der Leberfunktion, als unterst\u00fctzende Behandlung von Beschwerden, die durch eine Leberfunktionsst\u00f6rung verursacht werden. Die Arzneimitteltherapie ersetzt allerdings nicht die Vermeidung der die Leber sch\u00e4digenden Ursachen (z. B. Alkohol).<\/p>\n","protected":false},"excerpt":{"rendered":"<p>Dr. B\u00f6hm Mariendistel Kapseln sind ein pflanzliches Arzneimittel zur Verbesserung der Leberfunktion, als unterst\u00fctzende Behandlung von Beschwerden, die durch eine Leberfunktionsst\u00f6rung verursacht werden. Die Arzneimitteltherapie ersetzt allerdings nicht die Vermeidung der die Leber sch\u00e4digenden Ursachen (z. B. Alkohol).<\/p>\n","protected":false},"featured_media":24525,"template":"","meta":{"_acf_changed":false},"product_brand":[294],"product_cat":[295],"product_tag":[],"class_list":{"0":"post-24523","1":"product","2":"type-product","3":"status-publish","4":"has-post-thumbnail","6":"product_brand-dr-boehm","7":"product_cat-d","8":"pa_packungsgroesse-30-stueck","9":"pa_packungsgroesse-60-stueck","11":"first","12":"instock","13":"shipping-taxable","14":"purchasable","15":"product-type-simple"},"acf":[],"_links":{"self":[{"href":"https:\/\/www.hirtenberg-apotheke.at\/katalog\/wp-json\/wp\/v2\/product\/24523","targetHints":{"allow":["GET"]}}],"collection":[{"href":"https:\/\/www.hirtenberg-apotheke.at\/katalog\/wp-json\/wp\/v2\/product"}],"about":[{"href":"https:\/\/www.hirtenberg-apotheke.at\/katalog\/wp-json\/wp\/v2\/types\/product"}],"wp:featuredmedia":[{"embeddable":true,"href":"https:\/\/www.hirtenberg-apotheke.at\/katalog\/wp-json\/wp\/v2\/media\/24525"}],"wp:attachment":[{"href":"https:\/\/www.hirtenberg-apotheke.at\/katalog\/wp-json\/wp\/v2\/media?parent=24523"}],"wp:term":[{"taxonomy":"product_brand","embeddable":true,"href":"https:\/\/www.hirtenberg-apotheke.at\/katalog\/wp-json\/wp\/v2\/product_brand?post=24523"},{"taxonomy":"product_cat","embeddable":true,"href":"https:\/\/www.hirtenberg-apotheke.at\/katalog\/wp-json\/wp\/v2\/product_cat?post=24523"},{"taxonomy":"product_tag","embeddable":true,"href":"https:\/\/www.hirtenberg-apotheke.at\/katalog\/wp-json\/wp\/v2\/product_tag?post=24523"}],"curies":[{"name":"wp","href":"https:\/\/api.w.org\/{rel}","templated":true}]}}