{"id":24526,"date":"2025-11-25T19:40:17","date_gmt":"2025-11-25T18:40:17","guid":{"rendered":"https:\/\/www.hirtenberg-apotheke.at\/katalog\/produkt\/lefax-42-mg-kautabletten-50-stk\/"},"modified":"2025-11-25T19:40:23","modified_gmt":"2025-11-25T18:40:23","slug":"lefax-42-mg-kautabletten-50-stk","status":"publish","type":"product","link":"https:\/\/www.hirtenberg-apotheke.at\/katalog\/produkt\/lefax-42-mg-kautabletten-50-stk\/","title":{"rendered":"Lefax  42 mg Kautabletten 50 Stk."},"content":{"rendered":"<p>Lefax 42 mg Kautabletten werden bei schmerzhaften Bl\u00e4hungen, Magenkr\u00e4mpfen, Koliken und V\u00f6llegef\u00fchl eingesetzt.<\/p>\n","protected":false},"excerpt":{"rendered":"<p>Lefax 42 mg Kautabletten werden bei schmerzhaften Bl\u00e4hungen, Magenkr\u00e4mpfen, Koliken und V\u00f6llegef\u00fchl eingesetzt.<\/p>\n","protected":false},"featured_media":24528,"template":"","meta":{"_acf_changed":false},"product_brand":[],"product_cat":[317],"product_tag":[],"class_list":{"0":"post-24526","1":"product","2":"type-product","3":"status-publish","4":"has-post-thumbnail","6":"product_cat-l","7":"pa_packungsgroesse-50-stueck","9":"first","10":"instock","11":"shipping-taxable","12":"purchasable","13":"product-type-simple"},"acf":[],"_links":{"self":[{"href":"https:\/\/www.hirtenberg-apotheke.at\/katalog\/wp-json\/wp\/v2\/product\/24526","targetHints":{"allow":["GET"]}}],"collection":[{"href":"https:\/\/www.hirtenberg-apotheke.at\/katalog\/wp-json\/wp\/v2\/product"}],"about":[{"href":"https:\/\/www.hirtenberg-apotheke.at\/katalog\/wp-json\/wp\/v2\/types\/product"}],"wp:featuredmedia":[{"embeddable":true,"href":"https:\/\/www.hirtenberg-apotheke.at\/katalog\/wp-json\/wp\/v2\/media\/24528"}],"wp:attachment":[{"href":"https:\/\/www.hirtenberg-apotheke.at\/katalog\/wp-json\/wp\/v2\/media?parent=24526"}],"wp:term":[{"taxonomy":"product_brand","embeddable":true,"href":"https:\/\/www.hirtenberg-apotheke.at\/katalog\/wp-json\/wp\/v2\/product_brand?post=24526"},{"taxonomy":"product_cat","embeddable":true,"href":"https:\/\/www.hirtenberg-apotheke.at\/katalog\/wp-json\/wp\/v2\/product_cat?post=24526"},{"taxonomy":"product_tag","embeddable":true,"href":"https:\/\/www.hirtenberg-apotheke.at\/katalog\/wp-json\/wp\/v2\/product_tag?post=24526"}],"curies":[{"name":"wp","href":"https:\/\/api.w.org\/{rel}","templated":true}]}}