{"id":24540,"date":"2025-11-25T19:40:17","date_gmt":"2025-11-25T18:40:17","guid":{"rendered":"https:\/\/www.hirtenberg-apotheke.at\/katalog\/produkt\/riviera-original-schwedenbitter-500-ml\/"},"modified":"2025-11-25T19:40:36","modified_gmt":"2025-11-25T18:40:36","slug":"riviera-original-schwedenbitter-500-ml","status":"publish","type":"product","link":"https:\/\/www.hirtenberg-apotheke.at\/katalog\/produkt\/riviera-original-schwedenbitter-500-ml\/","title":{"rendered":"Riviera Original Schwedenbitter 500 ml"},"content":{"rendered":"<p>Riviera Original Schwedenbitter ist ein traditionelles pflanzliches Arzneimittel zur Anwendung bei leichten Verdauungsbeschwerden (wie V\u00f6llegef\u00fchl, Bl\u00e4hungen) und Appetitlosigkeit.<\/p>\n","protected":false},"excerpt":{"rendered":"<p>Riviera Original Schwedenbitter ist ein traditionelles pflanzliches Arzneimittel zur Anwendung bei leichten Verdauungsbeschwerden (wie V\u00f6llegef\u00fchl, Bl\u00e4hungen) und Appetitlosigkeit.<\/p>\n","protected":false},"featured_media":24542,"template":"","meta":{"_acf_changed":false},"product_brand":[467],"product_cat":[311],"product_tag":[],"class_list":{"0":"post-24540","1":"product","2":"type-product","3":"status-publish","4":"has-post-thumbnail","6":"product_brand-riviera","7":"product_cat-r","8":"pa_packungsgroesse-500ml","10":"first","11":"instock","12":"shipping-taxable","13":"purchasable","14":"product-type-simple"},"acf":[],"_links":{"self":[{"href":"https:\/\/www.hirtenberg-apotheke.at\/katalog\/wp-json\/wp\/v2\/product\/24540","targetHints":{"allow":["GET"]}}],"collection":[{"href":"https:\/\/www.hirtenberg-apotheke.at\/katalog\/wp-json\/wp\/v2\/product"}],"about":[{"href":"https:\/\/www.hirtenberg-apotheke.at\/katalog\/wp-json\/wp\/v2\/types\/product"}],"wp:featuredmedia":[{"embeddable":true,"href":"https:\/\/www.hirtenberg-apotheke.at\/katalog\/wp-json\/wp\/v2\/media\/24542"}],"wp:attachment":[{"href":"https:\/\/www.hirtenberg-apotheke.at\/katalog\/wp-json\/wp\/v2\/media?parent=24540"}],"wp:term":[{"taxonomy":"product_brand","embeddable":true,"href":"https:\/\/www.hirtenberg-apotheke.at\/katalog\/wp-json\/wp\/v2\/product_brand?post=24540"},{"taxonomy":"product_cat","embeddable":true,"href":"https:\/\/www.hirtenberg-apotheke.at\/katalog\/wp-json\/wp\/v2\/product_cat?post=24540"},{"taxonomy":"product_tag","embeddable":true,"href":"https:\/\/www.hirtenberg-apotheke.at\/katalog\/wp-json\/wp\/v2\/product_tag?post=24540"}],"curies":[{"name":"wp","href":"https:\/\/api.w.org\/{rel}","templated":true}]}}