{"id":24549,"date":"2025-11-25T19:40:17","date_gmt":"2025-11-25T18:40:17","guid":{"rendered":"https:\/\/www.hirtenberg-apotheke.at\/katalog\/produkt\/cynarix-liquid-loesung-zum-einnehmen\/"},"modified":"2025-11-25T19:40:41","modified_gmt":"2025-11-25T18:40:41","slug":"cynarix-liquid-loesung-zum-einnehmen","status":"publish","type":"product","link":"https:\/\/www.hirtenberg-apotheke.at\/katalog\/produkt\/cynarix-liquid-loesung-zum-einnehmen\/","title":{"rendered":"Cynarix Liquid &#8211; L\u00f6sung zum Einnehmen"},"content":{"rendered":"<p>Cynarix Liquid L\u00f6sung ist ein traditionelles, pflanzliches Arzneimittel mit Artischockenextrakt. Dieses steigert mild und langanhaltend die Sekretion von Gallens\u00e4uren und Bauchspeicheldr\u00fcsenenzymen. Akute Gallenstauungen und Verdauungsbeschwerden wie V\u00f6llegef\u00fchl, \u00dcbelkeit, Aufsto\u00dfen und Bl\u00e4hungen werden verhindert. Dieses Produkt ist in den Packungsgr\u00f6\u00dfen 125 ml und 200 ml erh\u00e4ltlich.<\/p>\n","protected":false},"excerpt":{"rendered":"<p>Cynarix Liquid L\u00f6sung ist ein traditionelles, pflanzliches Arzneimittel mit Artischockenextrakt. Dieses steigert mild und langanhaltend die Sekretion von Gallens\u00e4uren und Bauchspeicheldr\u00fcsenenzymen. Akute Gallenstauungen und Verdauungsbeschwerden wie V\u00f6llegef\u00fchl, \u00dcbelkeit, Aufsto\u00dfen und Bl\u00e4hungen werden verhindert. Dieses Produkt ist in den Packungsgr\u00f6\u00dfen 125 ml und 200 ml erh\u00e4ltlich.<\/p>\n","protected":false},"featured_media":0,"template":"","meta":{"_acf_changed":false},"product_brand":[],"product_cat":[337],"product_tag":[],"class_list":{"0":"post-24549","1":"product","2":"type-product","3":"status-publish","5":"product_cat-c","6":"pa_packungsgroesse-200ml","8":"first","9":"instock","10":"shipping-taxable","11":"purchasable","12":"product-type-simple"},"acf":[],"_links":{"self":[{"href":"https:\/\/www.hirtenberg-apotheke.at\/katalog\/wp-json\/wp\/v2\/product\/24549","targetHints":{"allow":["GET"]}}],"collection":[{"href":"https:\/\/www.hirtenberg-apotheke.at\/katalog\/wp-json\/wp\/v2\/product"}],"about":[{"href":"https:\/\/www.hirtenberg-apotheke.at\/katalog\/wp-json\/wp\/v2\/types\/product"}],"wp:attachment":[{"href":"https:\/\/www.hirtenberg-apotheke.at\/katalog\/wp-json\/wp\/v2\/media?parent=24549"}],"wp:term":[{"taxonomy":"product_brand","embeddable":true,"href":"https:\/\/www.hirtenberg-apotheke.at\/katalog\/wp-json\/wp\/v2\/product_brand?post=24549"},{"taxonomy":"product_cat","embeddable":true,"href":"https:\/\/www.hirtenberg-apotheke.at\/katalog\/wp-json\/wp\/v2\/product_cat?post=24549"},{"taxonomy":"product_tag","embeddable":true,"href":"https:\/\/www.hirtenberg-apotheke.at\/katalog\/wp-json\/wp\/v2\/product_tag?post=24549"}],"curies":[{"name":"wp","href":"https:\/\/api.w.org\/{rel}","templated":true}]}}