{"id":24551,"date":"2025-11-25T19:40:17","date_gmt":"2025-11-25T18:40:17","guid":{"rendered":"https:\/\/www.hirtenberg-apotheke.at\/katalog\/produkt\/legamed-mariendistel-artischocke-kapseln-30-stk\/"},"modified":"2025-11-25T19:40:45","modified_gmt":"2025-11-25T18:40:45","slug":"legamed-mariendistel-artischocke-kapseln-30-stk","status":"publish","type":"product","link":"https:\/\/www.hirtenberg-apotheke.at\/katalog\/produkt\/legamed-mariendistel-artischocke-kapseln-30-stk\/","title":{"rendered":"Legamed Mariendistel + Artischocke Kapseln 30 Stk."},"content":{"rendered":"<p>Legamed Mariendistel &#038; Artischocke Kapseln nutzen die nat\u00fcrlichen Inhaltsstoffe der Artischocke und der Mariendistel um die Verdauung im menschlichen K\u00f6rper anzuregen und zu unterst\u00fctzen. Die pflanzlichen Inhaltsstoffe sind besonders gut vertr\u00e4glich. Legamed Mariendistel &#038; Artischocke Kapseln nutzen die Wirkstoffe der Artischocke und der Mariendistel, welche in der traditionellen Naturheilkunde lange als Unterst\u00fctzer einer nat\u00fcrlichen und gesunden Verdauung bekannt sind. So f\u00f6rdern die Bitterstoffe der Artischocke die Gallen- und Magens\u00e4ureproduktion und bewirken eine vermehrte Abgabe der Galle in den Darm. So wird die Verdauung im Allgemeinen und ins besondere die Fettverdauung angekurbelt. Die Mariendistel unterst\u00fctzt gleichzeitig die Leber bei ihren entgiftenden Prozessen, unterst\u00fctzt sie aber auch mit der Flut an N\u00e4hrstoffen und Fetten fertig zu werden, die nach einer zu \u00fcppigen Mahlzeit anf\u00e4llt. Legamed Mariendistel &#038; Artischocke Kapseln hilft demnach dem K\u00f6rper die Verdauung anzuregen ohne ihn mit chemisch-synthetischen Medikamenten zu belasten..<\/p>\n","protected":false},"excerpt":{"rendered":"<p>Legamed Mariendistel &#038; Artischocke Kapseln nutzen die nat\u00fcrlichen Inhaltsstoffe der Artischocke und der Mariendistel um die Verdauung im menschlichen K\u00f6rper anzuregen und zu unterst\u00fctzen. Die pflanzlichen Inhaltsstoffe sind besonders gut vertr\u00e4glich. Legamed Mariendistel &#038; Artischocke Kapseln nutzen die Wirkstoffe der Artischocke und der Mariendistel, welche in der traditionellen Naturheilkunde lange als Unterst\u00fctzer einer nat\u00fcrlichen und [&hellip;]<\/p>\n","protected":false},"featured_media":24553,"template":"","meta":{"_acf_changed":false},"product_brand":[],"product_cat":[317],"product_tag":[],"class_list":{"0":"post-24551","1":"product","2":"type-product","3":"status-publish","4":"has-post-thumbnail","6":"product_cat-l","7":"pa_packungsgroesse-30-stueck","9":"first","10":"instock","11":"shipping-taxable","12":"purchasable","13":"product-type-simple"},"acf":[],"_links":{"self":[{"href":"https:\/\/www.hirtenberg-apotheke.at\/katalog\/wp-json\/wp\/v2\/product\/24551","targetHints":{"allow":["GET"]}}],"collection":[{"href":"https:\/\/www.hirtenberg-apotheke.at\/katalog\/wp-json\/wp\/v2\/product"}],"about":[{"href":"https:\/\/www.hirtenberg-apotheke.at\/katalog\/wp-json\/wp\/v2\/types\/product"}],"wp:featuredmedia":[{"embeddable":true,"href":"https:\/\/www.hirtenberg-apotheke.at\/katalog\/wp-json\/wp\/v2\/media\/24553"}],"wp:attachment":[{"href":"https:\/\/www.hirtenberg-apotheke.at\/katalog\/wp-json\/wp\/v2\/media?parent=24551"}],"wp:term":[{"taxonomy":"product_brand","embeddable":true,"href":"https:\/\/www.hirtenberg-apotheke.at\/katalog\/wp-json\/wp\/v2\/product_brand?post=24551"},{"taxonomy":"product_cat","embeddable":true,"href":"https:\/\/www.hirtenberg-apotheke.at\/katalog\/wp-json\/wp\/v2\/product_cat?post=24551"},{"taxonomy":"product_tag","embeddable":true,"href":"https:\/\/www.hirtenberg-apotheke.at\/katalog\/wp-json\/wp\/v2\/product_tag?post=24551"}],"curies":[{"name":"wp","href":"https:\/\/api.w.org\/{rel}","templated":true}]}}