{"id":24582,"date":"2025-11-25T19:40:44","date_gmt":"2025-11-25T18:40:44","guid":{"rendered":"https:\/\/www.hirtenberg-apotheke.at\/katalog\/produkt\/pantozol-control-20-mg-magensaftresistente-tabletten-14-stk\/"},"modified":"2025-11-25T19:41:28","modified_gmt":"2025-11-25T18:41:28","slug":"pantozol-control-20-mg-magensaftresistente-tabletten-14-stk","status":"publish","type":"product","link":"https:\/\/www.hirtenberg-apotheke.at\/katalog\/produkt\/pantozol-control-20-mg-magensaftresistente-tabletten-14-stk\/","title":{"rendered":"Pantozol Control 20 mg magensaftresistente Tabletten 14 Stk."},"content":{"rendered":"<p>Pantozol Control\u00ae wird angewendet zur kurzzeitigen Behandlung von Reflux-Symptomen (z. B. Sodbrennen, saures Aufsto\u00dfen) bei Erwachsenen. Dieses Produkt ist in den Packungsgr\u00f6\u00dfen 7 und 14 St\u00fcck f\u00fcr Sie erh\u00e4ltlich.<\/p>\n","protected":false},"excerpt":{"rendered":"<p>Pantozol Control\u00ae wird angewendet zur kurzzeitigen Behandlung von Reflux-Symptomen (z. B. Sodbrennen, saures Aufsto\u00dfen) bei Erwachsenen. Dieses Produkt ist in den Packungsgr\u00f6\u00dfen 7 und 14 St\u00fcck f\u00fcr Sie erh\u00e4ltlich.<\/p>\n","protected":false},"featured_media":24584,"template":"","meta":{"_acf_changed":false},"product_brand":[],"product_cat":[302],"product_tag":[],"class_list":{"0":"post-24582","1":"product","2":"type-product","3":"status-publish","4":"has-post-thumbnail","6":"product_cat-p","7":"pa_packungsgroesse-14-stueck","8":"pa_packungsgroesse-7-stueck","10":"first","11":"instock","12":"shipping-taxable","13":"purchasable","14":"product-type-simple"},"acf":[],"_links":{"self":[{"href":"https:\/\/www.hirtenberg-apotheke.at\/katalog\/wp-json\/wp\/v2\/product\/24582","targetHints":{"allow":["GET"]}}],"collection":[{"href":"https:\/\/www.hirtenberg-apotheke.at\/katalog\/wp-json\/wp\/v2\/product"}],"about":[{"href":"https:\/\/www.hirtenberg-apotheke.at\/katalog\/wp-json\/wp\/v2\/types\/product"}],"wp:featuredmedia":[{"embeddable":true,"href":"https:\/\/www.hirtenberg-apotheke.at\/katalog\/wp-json\/wp\/v2\/media\/24584"}],"wp:attachment":[{"href":"https:\/\/www.hirtenberg-apotheke.at\/katalog\/wp-json\/wp\/v2\/media?parent=24582"}],"wp:term":[{"taxonomy":"product_brand","embeddable":true,"href":"https:\/\/www.hirtenberg-apotheke.at\/katalog\/wp-json\/wp\/v2\/product_brand?post=24582"},{"taxonomy":"product_cat","embeddable":true,"href":"https:\/\/www.hirtenberg-apotheke.at\/katalog\/wp-json\/wp\/v2\/product_cat?post=24582"},{"taxonomy":"product_tag","embeddable":true,"href":"https:\/\/www.hirtenberg-apotheke.at\/katalog\/wp-json\/wp\/v2\/product_tag?post=24582"}],"curies":[{"name":"wp","href":"https:\/\/api.w.org\/{rel}","templated":true}]}}