{"id":24635,"date":"2025-11-25T19:41:28","date_gmt":"2025-11-25T18:41:28","guid":{"rendered":"https:\/\/www.hirtenberg-apotheke.at\/katalog\/produkt\/riviera-original-schwedenbitter-lm\/"},"modified":"2025-11-25T19:44:11","modified_gmt":"2025-11-25T18:44:11","slug":"riviera-original-schwedenbitter-lm","status":"publish","type":"product","link":"https:\/\/www.hirtenberg-apotheke.at\/katalog\/produkt\/riviera-original-schwedenbitter-lm\/","title":{"rendered":"Riviera Original Schwedenbitter LM"},"content":{"rendered":"<p>Riviera Original Schwedenbitter ist ein traditionelles pflanzliches Lebensmittel zur Anwendung bei leichten Verdauungsbeschwerden (wie V\u00f6llegef\u00fchl, Bl\u00e4hungen) und Appetitlosigkeit.<\/p>\n","protected":false},"excerpt":{"rendered":"<p>Riviera Original Schwedenbitter ist ein traditionelles pflanzliches Lebensmittel zur Anwendung bei leichten Verdauungsbeschwerden (wie V\u00f6llegef\u00fchl, Bl\u00e4hungen) und Appetitlosigkeit.<\/p>\n","protected":false},"featured_media":24637,"template":"","meta":{"_acf_changed":false},"product_brand":[467],"product_cat":[311],"product_tag":[],"class_list":{"0":"post-24635","1":"product","2":"type-product","3":"status-publish","4":"has-post-thumbnail","6":"product_brand-riviera","7":"product_cat-r","8":"pa_packungsgroesse-100ml","9":"pa_packungsgroesse-250ml","11":"first","12":"instock","13":"shipping-taxable","14":"purchasable","15":"product-type-simple"},"acf":[],"_links":{"self":[{"href":"https:\/\/www.hirtenberg-apotheke.at\/katalog\/wp-json\/wp\/v2\/product\/24635","targetHints":{"allow":["GET"]}}],"collection":[{"href":"https:\/\/www.hirtenberg-apotheke.at\/katalog\/wp-json\/wp\/v2\/product"}],"about":[{"href":"https:\/\/www.hirtenberg-apotheke.at\/katalog\/wp-json\/wp\/v2\/types\/product"}],"wp:featuredmedia":[{"embeddable":true,"href":"https:\/\/www.hirtenberg-apotheke.at\/katalog\/wp-json\/wp\/v2\/media\/24637"}],"wp:attachment":[{"href":"https:\/\/www.hirtenberg-apotheke.at\/katalog\/wp-json\/wp\/v2\/media?parent=24635"}],"wp:term":[{"taxonomy":"product_brand","embeddable":true,"href":"https:\/\/www.hirtenberg-apotheke.at\/katalog\/wp-json\/wp\/v2\/product_brand?post=24635"},{"taxonomy":"product_cat","embeddable":true,"href":"https:\/\/www.hirtenberg-apotheke.at\/katalog\/wp-json\/wp\/v2\/product_cat?post=24635"},{"taxonomy":"product_tag","embeddable":true,"href":"https:\/\/www.hirtenberg-apotheke.at\/katalog\/wp-json\/wp\/v2\/product_tag?post=24635"}],"curies":[{"name":"wp","href":"https:\/\/api.w.org\/{rel}","templated":true}]}}