{"id":24654,"date":"2025-11-25T19:41:58","date_gmt":"2025-11-25T18:41:58","guid":{"rendered":"https:\/\/www.hirtenberg-apotheke.at\/katalog\/produkt\/hafesan-mariendistel-artischocke-lavendel-kapseln-60-stk\/"},"modified":"2025-11-25T19:42:09","modified_gmt":"2025-11-25T18:42:09","slug":"hafesan-mariendistel-artischocke-lavendel-kapseln-60-stk","status":"publish","type":"product","link":"https:\/\/www.hirtenberg-apotheke.at\/katalog\/produkt\/hafesan-mariendistel-artischocke-lavendel-kapseln-60-stk\/","title":{"rendered":"Hafesan Mariendistel + Artischocke + Lavendel Kapseln 60 Stk."},"content":{"rendered":"<p>Hafesan Mariendistel + Artischocke + Lavendel Kapseln vereinen die positiven Wirkungen dreier Natursubstanzen in einer Kapsel. Mariendistel + Artischocke + Lavendel wirken verdauungsf\u00f6rdernd und steigern die Gallenproduktion sowie die Gallensekretion der Leberzellen, was zu einer Optimierung der Fettverdauung f\u00fchrt. Die Kapseln unterst\u00fctzen die Entgiftungsarbeit Ihres K\u00f6rpers und sorgen so f\u00fcr ein besseres Wohlbefinden.<\/p>\n","protected":false},"excerpt":{"rendered":"<p>Hafesan Mariendistel + Artischocke + Lavendel Kapseln vereinen die positiven Wirkungen dreier Natursubstanzen in einer Kapsel. Mariendistel + Artischocke + Lavendel wirken verdauungsf\u00f6rdernd und steigern die Gallenproduktion sowie die Gallensekretion der Leberzellen, was zu einer Optimierung der Fettverdauung f\u00fchrt. Die Kapseln unterst\u00fctzen die Entgiftungsarbeit Ihres K\u00f6rpers und sorgen so f\u00fcr ein besseres Wohlbefinden.<\/p>\n","protected":false},"featured_media":24656,"template":"","meta":{"_acf_changed":false},"product_brand":[329],"product_cat":[330],"product_tag":[],"class_list":{"0":"post-24654","1":"product","2":"type-product","3":"status-publish","4":"has-post-thumbnail","6":"product_brand-hafesan","7":"product_cat-h","8":"pa_packungsgroesse-60-stueck","10":"first","11":"instock","12":"shipping-taxable","13":"purchasable","14":"product-type-simple"},"acf":[],"_links":{"self":[{"href":"https:\/\/www.hirtenberg-apotheke.at\/katalog\/wp-json\/wp\/v2\/product\/24654","targetHints":{"allow":["GET"]}}],"collection":[{"href":"https:\/\/www.hirtenberg-apotheke.at\/katalog\/wp-json\/wp\/v2\/product"}],"about":[{"href":"https:\/\/www.hirtenberg-apotheke.at\/katalog\/wp-json\/wp\/v2\/types\/product"}],"wp:featuredmedia":[{"embeddable":true,"href":"https:\/\/www.hirtenberg-apotheke.at\/katalog\/wp-json\/wp\/v2\/media\/24656"}],"wp:attachment":[{"href":"https:\/\/www.hirtenberg-apotheke.at\/katalog\/wp-json\/wp\/v2\/media?parent=24654"}],"wp:term":[{"taxonomy":"product_brand","embeddable":true,"href":"https:\/\/www.hirtenberg-apotheke.at\/katalog\/wp-json\/wp\/v2\/product_brand?post=24654"},{"taxonomy":"product_cat","embeddable":true,"href":"https:\/\/www.hirtenberg-apotheke.at\/katalog\/wp-json\/wp\/v2\/product_cat?post=24654"},{"taxonomy":"product_tag","embeddable":true,"href":"https:\/\/www.hirtenberg-apotheke.at\/katalog\/wp-json\/wp\/v2\/product_tag?post=24654"}],"curies":[{"name":"wp","href":"https:\/\/api.w.org\/{rel}","templated":true}]}}