{"id":24684,"date":"2025-11-25T19:42:26","date_gmt":"2025-11-25T18:42:26","guid":{"rendered":"https:\/\/www.hirtenberg-apotheke.at\/katalog\/produkt\/legamed-mariendistel-artischocken-kapseln-60-stk\/"},"modified":"2025-11-25T19:42:31","modified_gmt":"2025-11-25T18:42:31","slug":"legamed-mariendistel-artischocken-kapseln-60-stk","status":"publish","type":"product","link":"https:\/\/www.hirtenberg-apotheke.at\/katalog\/produkt\/legamed-mariendistel-artischocken-kapseln-60-stk\/","title":{"rendered":"Legamed Mariendistel- &#038; Artischocken Kapseln 60 Stk."},"content":{"rendered":"<p>Legamed  Artischocken &#038; Mariendistel Kapseln helfen auf traditionelle und nat\u00fcrliche Art, die Verdauung schonend zu unterst\u00fctzen. Mariendistel &#038; Artischocke Kapseln nutzen die nat\u00fcrlichen Inhaltsstoffe der Artischocke und der Mariendistel um die Verdauung im menschlichen K\u00f6rper anzuregen und zu unterst\u00fctzen. Die pflanzlichen Inhaltsstoffe sind besonders gut vertr\u00e4glich.<\/p>\n","protected":false},"excerpt":{"rendered":"<p>Legamed Artischocken &#038; Mariendistel Kapseln helfen auf traditionelle und nat\u00fcrliche Art, die Verdauung schonend zu unterst\u00fctzen. Mariendistel &#038; Artischocke Kapseln nutzen die nat\u00fcrlichen Inhaltsstoffe der Artischocke und der Mariendistel um die Verdauung im menschlichen K\u00f6rper anzuregen und zu unterst\u00fctzen. Die pflanzlichen Inhaltsstoffe sind besonders gut vertr\u00e4glich.<\/p>\n","protected":false},"featured_media":24686,"template":"","meta":{"_acf_changed":false},"product_brand":[],"product_cat":[317],"product_tag":[],"class_list":{"0":"post-24684","1":"product","2":"type-product","3":"status-publish","4":"has-post-thumbnail","6":"product_cat-l","7":"pa_packungsgroesse-60-stueck","9":"first","10":"instock","11":"shipping-taxable","12":"purchasable","13":"product-type-simple"},"acf":[],"_links":{"self":[{"href":"https:\/\/www.hirtenberg-apotheke.at\/katalog\/wp-json\/wp\/v2\/product\/24684","targetHints":{"allow":["GET"]}}],"collection":[{"href":"https:\/\/www.hirtenberg-apotheke.at\/katalog\/wp-json\/wp\/v2\/product"}],"about":[{"href":"https:\/\/www.hirtenberg-apotheke.at\/katalog\/wp-json\/wp\/v2\/types\/product"}],"wp:featuredmedia":[{"embeddable":true,"href":"https:\/\/www.hirtenberg-apotheke.at\/katalog\/wp-json\/wp\/v2\/media\/24686"}],"wp:attachment":[{"href":"https:\/\/www.hirtenberg-apotheke.at\/katalog\/wp-json\/wp\/v2\/media?parent=24684"}],"wp:term":[{"taxonomy":"product_brand","embeddable":true,"href":"https:\/\/www.hirtenberg-apotheke.at\/katalog\/wp-json\/wp\/v2\/product_brand?post=24684"},{"taxonomy":"product_cat","embeddable":true,"href":"https:\/\/www.hirtenberg-apotheke.at\/katalog\/wp-json\/wp\/v2\/product_cat?post=24684"},{"taxonomy":"product_tag","embeddable":true,"href":"https:\/\/www.hirtenberg-apotheke.at\/katalog\/wp-json\/wp\/v2\/product_tag?post=24684"}],"curies":[{"name":"wp","href":"https:\/\/api.w.org\/{rel}","templated":true}]}}