{"id":24836,"date":"2025-11-25T19:44:02","date_gmt":"2025-11-25T18:44:02","guid":{"rendered":"https:\/\/www.hirtenberg-apotheke.at\/katalog\/produkt\/regalen-kraeuterextrakt-tropfen-30-ml\/"},"modified":"2025-11-25T19:44:39","modified_gmt":"2025-11-25T18:44:39","slug":"regalen-kraeuterextrakt-tropfen-30-ml","status":"publish","type":"product","link":"https:\/\/www.hirtenberg-apotheke.at\/katalog\/produkt\/regalen-kraeuterextrakt-tropfen-30-ml\/","title":{"rendered":"Regalen Kr\u00e4uterextrakt Tropfen 30 ml"},"content":{"rendered":"<p>Regalen Kr\u00e4uterextrakt Tropfen sind ein Nahrungserg\u00e4nzungsmittel mit sekund\u00e4rstoffreichen Pflanzenextrakten als fl\u00fcssiges Kr\u00e4uterkonzentrat. Die Tropfen sind insbesondere f\u00fcr eine F\u00f6rderung einer antioxidativen und regenerationsf\u00f6rdernden Ern\u00e4hrung hilfreich.<\/p>\n","protected":false},"excerpt":{"rendered":"<p>Regalen Kr\u00e4uterextrakt Tropfen sind ein Nahrungserg\u00e4nzungsmittel mit sekund\u00e4rstoffreichen Pflanzenextrakten als fl\u00fcssiges Kr\u00e4uterkonzentrat. Die Tropfen sind insbesondere f\u00fcr eine F\u00f6rderung einer antioxidativen und regenerationsf\u00f6rdernden Ern\u00e4hrung hilfreich.<\/p>\n","protected":false},"featured_media":24838,"template":"","meta":{"_acf_changed":false},"product_brand":[],"product_cat":[311],"product_tag":[],"class_list":{"0":"post-24836","1":"product","2":"type-product","3":"status-publish","4":"has-post-thumbnail","6":"product_cat-r","7":"pa_packungsgroesse-30ml","9":"first","10":"instock","11":"shipping-taxable","12":"purchasable","13":"product-type-simple"},"acf":[],"_links":{"self":[{"href":"https:\/\/www.hirtenberg-apotheke.at\/katalog\/wp-json\/wp\/v2\/product\/24836","targetHints":{"allow":["GET"]}}],"collection":[{"href":"https:\/\/www.hirtenberg-apotheke.at\/katalog\/wp-json\/wp\/v2\/product"}],"about":[{"href":"https:\/\/www.hirtenberg-apotheke.at\/katalog\/wp-json\/wp\/v2\/types\/product"}],"wp:featuredmedia":[{"embeddable":true,"href":"https:\/\/www.hirtenberg-apotheke.at\/katalog\/wp-json\/wp\/v2\/media\/24838"}],"wp:attachment":[{"href":"https:\/\/www.hirtenberg-apotheke.at\/katalog\/wp-json\/wp\/v2\/media?parent=24836"}],"wp:term":[{"taxonomy":"product_brand","embeddable":true,"href":"https:\/\/www.hirtenberg-apotheke.at\/katalog\/wp-json\/wp\/v2\/product_brand?post=24836"},{"taxonomy":"product_cat","embeddable":true,"href":"https:\/\/www.hirtenberg-apotheke.at\/katalog\/wp-json\/wp\/v2\/product_cat?post=24836"},{"taxonomy":"product_tag","embeddable":true,"href":"https:\/\/www.hirtenberg-apotheke.at\/katalog\/wp-json\/wp\/v2\/product_tag?post=24836"}],"curies":[{"name":"wp","href":"https:\/\/api.w.org\/{rel}","templated":true}]}}