{"id":24845,"date":"2025-11-25T19:44:41","date_gmt":"2025-11-25T18:44:41","guid":{"rendered":"https:\/\/www.hirtenberg-apotheke.at\/katalog\/produkt\/hafesan-stutenmilch-selen-kapseln-60-stk\/"},"modified":"2025-11-25T19:44:44","modified_gmt":"2025-11-25T18:44:44","slug":"hafesan-stutenmilch-selen-kapseln-60-stk","status":"publish","type":"product","link":"https:\/\/www.hirtenberg-apotheke.at\/katalog\/produkt\/hafesan-stutenmilch-selen-kapseln-60-stk\/","title":{"rendered":"Hafesan Stutenmilch + Selen Kapseln 60 Stk."},"content":{"rendered":"<p>Hafesan Stutenmilch + Selen Kapseln &#8211; weil Sch\u00f6nheit vor allem &#8218;Hautsache&#8216; ist! Hafesan Stutenmilch + Selen Kapseln enthalten das essentielle Spurenelement Selen kombiniert mit dem ganz nat\u00fcrlichen Stutenmilchpulver. Stutenmilch &#8211; derzeit leider ein wenig in Vergessenheit geraten &#8211; ist schon seit jeher wegen seiner positiven Wirkungen auf das Aussehen der Haut ber\u00fchmt und Selen tr\u00e4gt in vielf\u00e4ltiger Weise zur Sch\u00f6nheit bei, denn es unterst\u00fctzt unter anderem die Erhaltung gesunder Haare und N\u00e4gel.<\/p>\n","protected":false},"excerpt":{"rendered":"<p>Hafesan Stutenmilch + Selen Kapseln &#8211; weil Sch\u00f6nheit vor allem &#8218;Hautsache&#8216; ist! Hafesan Stutenmilch + Selen Kapseln enthalten das essentielle Spurenelement Selen kombiniert mit dem ganz nat\u00fcrlichen Stutenmilchpulver. Stutenmilch &#8211; derzeit leider ein wenig in Vergessenheit geraten &#8211; ist schon seit jeher wegen seiner positiven Wirkungen auf das Aussehen der Haut ber\u00fchmt und Selen tr\u00e4gt [&hellip;]<\/p>\n","protected":false},"featured_media":24847,"template":"","meta":{"_acf_changed":false},"product_brand":[329],"product_cat":[330],"product_tag":[],"class_list":{"0":"post-24845","1":"product","2":"type-product","3":"status-publish","4":"has-post-thumbnail","6":"product_brand-hafesan","7":"product_cat-h","8":"pa_packungsgroesse-60-stueck","10":"first","11":"instock","12":"shipping-taxable","13":"purchasable","14":"product-type-simple"},"acf":[],"_links":{"self":[{"href":"https:\/\/www.hirtenberg-apotheke.at\/katalog\/wp-json\/wp\/v2\/product\/24845","targetHints":{"allow":["GET"]}}],"collection":[{"href":"https:\/\/www.hirtenberg-apotheke.at\/katalog\/wp-json\/wp\/v2\/product"}],"about":[{"href":"https:\/\/www.hirtenberg-apotheke.at\/katalog\/wp-json\/wp\/v2\/types\/product"}],"wp:featuredmedia":[{"embeddable":true,"href":"https:\/\/www.hirtenberg-apotheke.at\/katalog\/wp-json\/wp\/v2\/media\/24847"}],"wp:attachment":[{"href":"https:\/\/www.hirtenberg-apotheke.at\/katalog\/wp-json\/wp\/v2\/media?parent=24845"}],"wp:term":[{"taxonomy":"product_brand","embeddable":true,"href":"https:\/\/www.hirtenberg-apotheke.at\/katalog\/wp-json\/wp\/v2\/product_brand?post=24845"},{"taxonomy":"product_cat","embeddable":true,"href":"https:\/\/www.hirtenberg-apotheke.at\/katalog\/wp-json\/wp\/v2\/product_cat?post=24845"},{"taxonomy":"product_tag","embeddable":true,"href":"https:\/\/www.hirtenberg-apotheke.at\/katalog\/wp-json\/wp\/v2\/product_tag?post=24845"}],"curies":[{"name":"wp","href":"https:\/\/api.w.org\/{rel}","templated":true}]}}