{"id":24935,"date":"2025-11-25T19:45:53","date_gmt":"2025-11-25T18:45:53","guid":{"rendered":"https:\/\/www.hirtenberg-apotheke.at\/katalog\/produkt\/chlorhexamed-1-gel-50-g\/"},"modified":"2025-11-25T19:45:56","modified_gmt":"2025-11-25T18:45:56","slug":"chlorhexamed-1-gel-50-g","status":"publish","type":"product","link":"https:\/\/www.hirtenberg-apotheke.at\/katalog\/produkt\/chlorhexamed-1-gel-50-g\/","title":{"rendered":"Chlorhexamed 1% Gel 50 g"},"content":{"rendered":"<p>Chlorhexamed 1 % Gel ist ein Mundh\u00f6hlenantiseptikum und wird ausschlie\u00dflich im Bereich der Mundh\u00f6hle angewendet. Es eignet sich zur vor\u00fcbergehenden unterst\u00fctzenden Behandlung bei bakteriell bedingten Zahnfleischentz\u00fcndungen (Gingivitis), zur Unterst\u00fctzung der Heilungsphase nach parodontalchirurgischen Eingriffen (Eingriffe am Zahnhalteapparat) sowie bei eingeschr\u00e4nkter Mundhygienef\u00e4higkeit, z. B. als Folge orthodontischer (kieferorthop\u00e4discher) Behandlungen.<\/p>\n","protected":false},"excerpt":{"rendered":"<p>Chlorhexamed 1 % Gel ist ein Mundh\u00f6hlenantiseptikum und wird ausschlie\u00dflich im Bereich der Mundh\u00f6hle angewendet. Es eignet sich zur vor\u00fcbergehenden unterst\u00fctzenden Behandlung bei bakteriell bedingten Zahnfleischentz\u00fcndungen (Gingivitis), zur Unterst\u00fctzung der Heilungsphase nach parodontalchirurgischen Eingriffen (Eingriffe am Zahnhalteapparat) sowie bei eingeschr\u00e4nkter Mundhygienef\u00e4higkeit, z. B. als Folge orthodontischer (kieferorthop\u00e4discher) Behandlungen.<\/p>\n","protected":false},"featured_media":24937,"template":"","meta":{"_acf_changed":false},"product_brand":[861],"product_cat":[337],"product_tag":[],"class_list":{"0":"post-24935","1":"product","2":"type-product","3":"status-publish","4":"has-post-thumbnail","6":"product_brand-chlorhexamed","7":"product_cat-c","8":"pa_packungsgroesse-50g","10":"first","11":"instock","12":"shipping-taxable","13":"purchasable","14":"product-type-simple"},"acf":[],"_links":{"self":[{"href":"https:\/\/www.hirtenberg-apotheke.at\/katalog\/wp-json\/wp\/v2\/product\/24935","targetHints":{"allow":["GET"]}}],"collection":[{"href":"https:\/\/www.hirtenberg-apotheke.at\/katalog\/wp-json\/wp\/v2\/product"}],"about":[{"href":"https:\/\/www.hirtenberg-apotheke.at\/katalog\/wp-json\/wp\/v2\/types\/product"}],"wp:featuredmedia":[{"embeddable":true,"href":"https:\/\/www.hirtenberg-apotheke.at\/katalog\/wp-json\/wp\/v2\/media\/24937"}],"wp:attachment":[{"href":"https:\/\/www.hirtenberg-apotheke.at\/katalog\/wp-json\/wp\/v2\/media?parent=24935"}],"wp:term":[{"taxonomy":"product_brand","embeddable":true,"href":"https:\/\/www.hirtenberg-apotheke.at\/katalog\/wp-json\/wp\/v2\/product_brand?post=24935"},{"taxonomy":"product_cat","embeddable":true,"href":"https:\/\/www.hirtenberg-apotheke.at\/katalog\/wp-json\/wp\/v2\/product_cat?post=24935"},{"taxonomy":"product_tag","embeddable":true,"href":"https:\/\/www.hirtenberg-apotheke.at\/katalog\/wp-json\/wp\/v2\/product_tag?post=24935"}],"curies":[{"name":"wp","href":"https:\/\/api.w.org\/{rel}","templated":true}]}}