{"id":24971,"date":"2025-11-25T19:46:18","date_gmt":"2025-11-25T18:46:18","guid":{"rendered":"https:\/\/www.hirtenberg-apotheke.at\/katalog\/produkt\/meridol-mundspuelloesung-400-ml\/"},"modified":"2025-11-25T19:46:27","modified_gmt":"2025-11-25T18:46:27","slug":"meridol-mundspuelloesung-400-ml","status":"publish","type":"product","link":"https:\/\/www.hirtenberg-apotheke.at\/katalog\/produkt\/meridol-mundspuelloesung-400-ml\/","title":{"rendered":"Meridol Mundsp\u00fcll\u00f6sung 400 ml"},"content":{"rendered":"<p>Meridol Mundsp\u00fclung dient der Anwendung bei Zahnfleischproblemen.  Erg\u00e4nzend zum t\u00e4glichen Z\u00e4hneputzen bek\u00e4mpft sie sowohl Plaque-Bakterien, als auch deren Aktivit\u00e4t in den Restbel\u00e4gen<\/p>\n","protected":false},"excerpt":{"rendered":"<p>Meridol Mundsp\u00fclung dient der Anwendung bei Zahnfleischproblemen. Erg\u00e4nzend zum t\u00e4glichen Z\u00e4hneputzen bek\u00e4mpft sie sowohl Plaque-Bakterien, als auch deren Aktivit\u00e4t in den Restbel\u00e4gen<\/p>\n","protected":false},"featured_media":24973,"template":"","meta":{"_acf_changed":false},"product_brand":[871],"product_cat":[308],"product_tag":[],"class_list":{"0":"post-24971","1":"product","2":"type-product","3":"status-publish","4":"has-post-thumbnail","6":"product_brand-meridol","7":"product_cat-m","8":"pa_packungsgroesse-400ml","10":"first","11":"instock","12":"shipping-taxable","13":"purchasable","14":"product-type-simple"},"acf":[],"_links":{"self":[{"href":"https:\/\/www.hirtenberg-apotheke.at\/katalog\/wp-json\/wp\/v2\/product\/24971","targetHints":{"allow":["GET"]}}],"collection":[{"href":"https:\/\/www.hirtenberg-apotheke.at\/katalog\/wp-json\/wp\/v2\/product"}],"about":[{"href":"https:\/\/www.hirtenberg-apotheke.at\/katalog\/wp-json\/wp\/v2\/types\/product"}],"wp:featuredmedia":[{"embeddable":true,"href":"https:\/\/www.hirtenberg-apotheke.at\/katalog\/wp-json\/wp\/v2\/media\/24973"}],"wp:attachment":[{"href":"https:\/\/www.hirtenberg-apotheke.at\/katalog\/wp-json\/wp\/v2\/media?parent=24971"}],"wp:term":[{"taxonomy":"product_brand","embeddable":true,"href":"https:\/\/www.hirtenberg-apotheke.at\/katalog\/wp-json\/wp\/v2\/product_brand?post=24971"},{"taxonomy":"product_cat","embeddable":true,"href":"https:\/\/www.hirtenberg-apotheke.at\/katalog\/wp-json\/wp\/v2\/product_cat?post=24971"},{"taxonomy":"product_tag","embeddable":true,"href":"https:\/\/www.hirtenberg-apotheke.at\/katalog\/wp-json\/wp\/v2\/product_tag?post=24971"}],"curies":[{"name":"wp","href":"https:\/\/api.w.org\/{rel}","templated":true}]}}